{"id":13,"date":"2026-03-18T15:58:12","date_gmt":"2026-03-18T14:58:12","guid":{"rendered":"https:\/\/mathildebecmann.fr\/boutique\/panier\/"},"modified":"2026-03-23T16:24:08","modified_gmt":"2026-03-23T15:24:08","slug":"panier","status":"publish","type":"page","link":"https:\/\/mathildebecmann.fr\/boutique\/panier\/","title":{"rendered":"Panier"},"content":{"rendered":"\t\t<div data-elementor-type=\"wp-page\" data-elementor-id=\"13\" class=\"elementor elementor-13\" data-elementor-post-type=\"page\">\n\t\t\t\t<div class=\"elementor-element elementor-element-763dc15 e-flex e-con-boxed e-con e-parent\" data-id=\"763dc15\" data-element_type=\"container\" data-e-type=\"container\">\n\t\t\t\t\t<div class=\"e-con-inner\">\n\t\t\t\t<div class=\"elementor-element elementor-element-1d7cd18 elementor-widget elementor-widget-heading\" data-id=\"1d7cd18\" data-element_type=\"widget\" data-e-type=\"widget\" data-widget_type=\"heading.default\">\n\t\t\t\t\t<h1 class=\"elementor-heading-title elementor-size-default\">Votre panier<\/h1>\t\t\t\t<\/div>\n\t\t\t\t\t<\/div>\n\t\t\t\t<\/div>\n\t\t<div class=\"elementor-element elementor-element-4d9b0b90 e-flex e-con-boxed e-con e-parent\" data-id=\"4d9b0b90\" data-element_type=\"container\" data-e-type=\"container\">\n\t\t\t\t\t<div class=\"e-con-inner\">\n\t\t\t\t<div class=\"elementor-element elementor-element-22766b79 elementor-widget elementor-widget-text-editor\" data-id=\"22766b79\" data-element_type=\"widget\" data-e-type=\"widget\" data-widget_type=\"text-editor.default\">\n\t\t\t\t\t\t\t\t\t\n<div data-block-name=\"woocommerce\/cart\" class=\"wp-block-woocommerce-cart alignwide is-loading\">\n<div data-block-name=\"woocommerce\/filled-cart-block\" class=\"wp-block-woocommerce-filled-cart-block\">\n<div data-block-name=\"woocommerce\/cart-items-block\" class=\"wp-block-woocommerce-cart-items-block\">\n<div data-block-name=\"woocommerce\/cart-line-items-block\" class=\"wp-block-woocommerce-cart-line-items-block\"><\/div>\n\n\n<\/div>\n\n\n\n\n<div data-block-name=\"woocommerce\/cart-totals-block\" class=\"wp-block-woocommerce-cart-totals-block\">\n<div data-block-name=\"woocommerce\/cart-order-summary-block\" class=\"wp-block-woocommerce-cart-order-summary-block\">\n<div data-block-name=\"woocommerce\/cart-order-summary-heading-block\" class=\"wp-block-woocommerce-cart-order-summary-heading-block\"><\/div><div data-block-name=\"woocommerce\/cart-order-summary-coupon-form-block\" class=\"wp-block-woocommerce-cart-order-summary-coupon-form-block\"><\/div><div data-block-name=\"woocommerce\/cart-order-summary-totals-block\" class=\"wp-block-woocommerce-cart-order-summary-totals-block\">\n<div data-block-name=\"woocommerce\/cart-order-summary-subtotal-block\" class=\"wp-block-woocommerce-cart-order-summary-subtotal-block\"><\/div>\n<div data-block-name=\"woocommerce\/cart-order-summary-discount-block\" class=\"wp-block-woocommerce-cart-order-summary-discount-block\"><\/div>\n<div data-block-name=\"woocommerce\/cart-order-summary-fee-block\" class=\"wp-block-woocommerce-cart-order-summary-fee-block\"><\/div>\n<div data-block-name=\"woocommerce\/cart-order-summary-shipping-block\" class=\"wp-block-woocommerce-cart-order-summary-shipping-block\"><\/div>\n<div data-block-name=\"woocommerce\/cart-order-summary-taxes-block\" class=\"wp-block-woocommerce-cart-order-summary-taxes-block\"><\/div><\/div>\n<\/div>\n\n\n\n<div data-block-name=\"woocommerce\/cart-express-payment-block\" class=\"wp-block-woocommerce-cart-express-payment-block\"><\/div>\n\n\n\n<div data-block-name=\"woocommerce\/proceed-to-checkout-block\" class=\"wp-block-woocommerce-proceed-to-checkout-block\"><\/div>\n\n\n\n<div data-block-name=\"woocommerce\/cart-accepted-payment-methods-block\" class=\"wp-block-woocommerce-cart-accepted-payment-methods-block\"><\/div>\n<\/div>\n<\/div>\n\n\n\n<div data-block-name=\"woocommerce\/empty-cart-block\" class=\"wp-block-woocommerce-empty-cart-block\">\n<h2 class=\"wp-block-heading has-text-align-center with-empty-cart-icon wc-block-cart__empty-cart__title\">Votre panier est actuellement vide\u00a0!<\/h2>\n\n\n\n<hr class=\"wp-block-separator has-alpha-channel-opacity is-style-dots\"\/>\n\n\n\n<h2 class=\"wp-block-heading has-text-align-center\">Nouveau dans la boutique<\/h2>\n\n\n<div data-block-name=\"woocommerce\/product-new\" data-columns=\"4\" data-rows=\"1\" class=\"wc-block-grid wp-block-product-new wp-block-woocommerce-product-new wc-block-product-new has-4-columns\"><ul class=\"wc-block-grid__products\"><li class=\"wc-block-grid__product\">\n\t\t\t\t<a href=\"https:\/\/mathildebecmann.fr\/boutique\/produit\/sweat-border-collie\/\" class=\"wc-block-grid__product-link\">\n\t\t\t\t\t\n\t\t\t\t\t<div class=\"wc-block-grid__product-image\"><img fetchpriority=\"high\" decoding=\"async\" width=\"300\" height=\"300\" src=\"https:\/\/mathildebecmann.fr\/boutique\/wp-content\/uploads\/2026\/03\/unisex-eco-raglan-hoodie-burgundy-front-69c5025600db9-300x300.png\" class=\"attachment-woocommerce_thumbnail size-woocommerce_thumbnail\" alt=\"Sweat \u00e0 capuche \u00e9cologique - Border collie\" srcset=\"https:\/\/mathildebecmann.fr\/boutique\/wp-content\/uploads\/2026\/03\/unisex-eco-raglan-hoodie-burgundy-front-69c5025600db9-300x300.png 300w, https:\/\/mathildebecmann.fr\/boutique\/wp-content\/uploads\/2026\/03\/unisex-eco-raglan-hoodie-burgundy-front-69c5025600db9-1024x1024.png 1024w, https:\/\/mathildebecmann.fr\/boutique\/wp-content\/uploads\/2026\/03\/unisex-eco-raglan-hoodie-burgundy-front-69c5025600db9-150x150.png 150w, https:\/\/mathildebecmann.fr\/boutique\/wp-content\/uploads\/2026\/03\/unisex-eco-raglan-hoodie-burgundy-front-69c5025600db9-768x768.png 768w, https:\/\/mathildebecmann.fr\/boutique\/wp-content\/uploads\/2026\/03\/unisex-eco-raglan-hoodie-burgundy-front-69c5025600db9-1536x1536.png 1536w, https:\/\/mathildebecmann.fr\/boutique\/wp-content\/uploads\/2026\/03\/unisex-eco-raglan-hoodie-burgundy-front-69c5025600db9-80x80.png 80w, https:\/\/mathildebecmann.fr\/boutique\/wp-content\/uploads\/2026\/03\/unisex-eco-raglan-hoodie-burgundy-front-69c5025600db9-600x600.png 600w, https:\/\/mathildebecmann.fr\/boutique\/wp-content\/uploads\/2026\/03\/unisex-eco-raglan-hoodie-burgundy-front-69c5025600db9-100x100.png 100w, https:\/\/mathildebecmann.fr\/boutique\/wp-content\/uploads\/2026\/03\/unisex-eco-raglan-hoodie-burgundy-front-69c5025600db9.png 2000w\" sizes=\"(max-width: 300px) 100vw, 300px\" \/><\/div>\n\t\t\t\t\t<div class=\"wc-block-grid__product-title\">Sweat \u00e0 capuche \u00e9cologique - Border collie<\/div>\n\t\t\t\t<\/a>\n\t\t\t\t<div class=\"wc-block-grid__product-price price\"><span class=\"woocommerce-Price-amount amount\"><span class=\"woocommerce-Price-currencySymbol\">&euro;<\/span>53,00<\/span><\/div>\n\t\t\t\t\n\t\t\t\t<div class=\"wp-block-button wc-block-grid__product-add-to-cart\"><a href=\"https:\/\/mathildebecmann.fr\/boutique\/produit\/sweat-border-collie\/\" aria-label=\"S\u00e9lectionner les options pour &ldquo;Sweat \u00e0 capuche \u00e9cologique - Border collie&rdquo;\" data-quantity=\"1\" data-product_id=\"680\" data-product_sku=\"\" data-price=\"53\" rel=\"nofollow\" class=\"wp-block-button__link  add_to_cart_button\">Ajouter au panier<\/a><\/div>\n\t\t\t<\/li><li class=\"wc-block-grid__product\">\n\t\t\t\t<a href=\"https:\/\/mathildebecmann.fr\/boutique\/produit\/mug-dog-mom-emaille\/\" class=\"wc-block-grid__product-link\">\n\t\t\t\t\t\n\t\t\t\t\t<div class=\"wc-block-grid__product-image\"><img decoding=\"async\" width=\"300\" height=\"300\" src=\"https:\/\/mathildebecmann.fr\/boutique\/wp-content\/uploads\/2026\/03\/enamel-mug-white-12-oz-left-69c4fe5c37a0d-300x300.jpg\" class=\"attachment-woocommerce_thumbnail size-woocommerce_thumbnail\" alt=\"Mug \u00e9maill\u00e9 - Dog Mom\" srcset=\"https:\/\/mathildebecmann.fr\/boutique\/wp-content\/uploads\/2026\/03\/enamel-mug-white-12-oz-left-69c4fe5c37a0d-300x300.jpg 300w, https:\/\/mathildebecmann.fr\/boutique\/wp-content\/uploads\/2026\/03\/enamel-mug-white-12-oz-left-69c4fe5c37a0d-1024x1024.jpg 1024w, https:\/\/mathildebecmann.fr\/boutique\/wp-content\/uploads\/2026\/03\/enamel-mug-white-12-oz-left-69c4fe5c37a0d-150x150.jpg 150w, https:\/\/mathildebecmann.fr\/boutique\/wp-content\/uploads\/2026\/03\/enamel-mug-white-12-oz-left-69c4fe5c37a0d-768x768.jpg 768w, https:\/\/mathildebecmann.fr\/boutique\/wp-content\/uploads\/2026\/03\/enamel-mug-white-12-oz-left-69c4fe5c37a0d-1536x1536.jpg 1536w, https:\/\/mathildebecmann.fr\/boutique\/wp-content\/uploads\/2026\/03\/enamel-mug-white-12-oz-left-69c4fe5c37a0d-80x80.jpg 80w, https:\/\/mathildebecmann.fr\/boutique\/wp-content\/uploads\/2026\/03\/enamel-mug-white-12-oz-left-69c4fe5c37a0d-600x600.jpg 600w, https:\/\/mathildebecmann.fr\/boutique\/wp-content\/uploads\/2026\/03\/enamel-mug-white-12-oz-left-69c4fe5c37a0d-100x100.jpg 100w, https:\/\/mathildebecmann.fr\/boutique\/wp-content\/uploads\/2026\/03\/enamel-mug-white-12-oz-left-69c4fe5c37a0d.jpg 2000w\" sizes=\"(max-width: 300px) 100vw, 300px\" \/><\/div>\n\t\t\t\t\t<div class=\"wc-block-grid__product-title\">Mug \u00e9maill\u00e9 - Dog Mom<\/div>\n\t\t\t\t<\/a>\n\t\t\t\t<div class=\"wc-block-grid__product-price price\"><span class=\"woocommerce-Price-amount amount\"><span class=\"woocommerce-Price-currencySymbol\">&euro;<\/span>14,00<\/span><\/div>\n\t\t\t\t\n\t\t\t\t<div class=\"wp-block-button wc-block-grid__product-add-to-cart\"><a href=\"\/boutique\/wp-json\/wp\/v2\/pages\/13?add-to-cart=674\" aria-label=\"Ajouter au panier\u00a0: &ldquo;Mug \u00e9maill\u00e9 - Dog Mom&rdquo;\" data-quantity=\"1\" data-product_id=\"674\" data-product_sku=\"69C4FE61636D7\" data-price=\"14\" rel=\"nofollow\" class=\"wp-block-button__link  add_to_cart_button ajax_add_to_cart\">Ajouter au panier<\/a><\/div>\n\t\t\t<\/li><li class=\"wc-block-grid__product\">\n\t\t\t\t<a href=\"https:\/\/mathildebecmann.fr\/boutique\/produit\/mug-dog-dad-emaille\/\" class=\"wc-block-grid__product-link\">\n\t\t\t\t\t\n\t\t\t\t\t<div class=\"wc-block-grid__product-image\"><img decoding=\"async\" width=\"300\" height=\"300\" src=\"https:\/\/mathildebecmann.fr\/boutique\/wp-content\/uploads\/2026\/03\/enamel-mug-white-12-oz-front-69c4fe0f2f3a3-300x300.jpg\" class=\"attachment-woocommerce_thumbnail size-woocommerce_thumbnail\" alt=\"Mug \u00e9maill\u00e9 - Dog Dad\" srcset=\"https:\/\/mathildebecmann.fr\/boutique\/wp-content\/uploads\/2026\/03\/enamel-mug-white-12-oz-front-69c4fe0f2f3a3-300x300.jpg 300w, https:\/\/mathildebecmann.fr\/boutique\/wp-content\/uploads\/2026\/03\/enamel-mug-white-12-oz-front-69c4fe0f2f3a3-1024x1024.jpg 1024w, https:\/\/mathildebecmann.fr\/boutique\/wp-content\/uploads\/2026\/03\/enamel-mug-white-12-oz-front-69c4fe0f2f3a3-150x150.jpg 150w, https:\/\/mathildebecmann.fr\/boutique\/wp-content\/uploads\/2026\/03\/enamel-mug-white-12-oz-front-69c4fe0f2f3a3-768x768.jpg 768w, https:\/\/mathildebecmann.fr\/boutique\/wp-content\/uploads\/2026\/03\/enamel-mug-white-12-oz-front-69c4fe0f2f3a3-1536x1536.jpg 1536w, https:\/\/mathildebecmann.fr\/boutique\/wp-content\/uploads\/2026\/03\/enamel-mug-white-12-oz-front-69c4fe0f2f3a3-80x80.jpg 80w, https:\/\/mathildebecmann.fr\/boutique\/wp-content\/uploads\/2026\/03\/enamel-mug-white-12-oz-front-69c4fe0f2f3a3-600x600.jpg 600w, https:\/\/mathildebecmann.fr\/boutique\/wp-content\/uploads\/2026\/03\/enamel-mug-white-12-oz-front-69c4fe0f2f3a3-100x100.jpg 100w, https:\/\/mathildebecmann.fr\/boutique\/wp-content\/uploads\/2026\/03\/enamel-mug-white-12-oz-front-69c4fe0f2f3a3.jpg 2000w\" sizes=\"(max-width: 300px) 100vw, 300px\" \/><\/div>\n\t\t\t\t\t<div class=\"wc-block-grid__product-title\">Mug \u00e9maill\u00e9 - Dog Dad<\/div>\n\t\t\t\t<\/a>\n\t\t\t\t<div class=\"wc-block-grid__product-price price\"><span class=\"woocommerce-Price-amount amount\"><span class=\"woocommerce-Price-currencySymbol\">&euro;<\/span>14,00<\/span><\/div>\n\t\t\t\t\n\t\t\t\t<div class=\"wp-block-button wc-block-grid__product-add-to-cart\"><a href=\"\/boutique\/wp-json\/wp\/v2\/pages\/13?add-to-cart=672\" aria-label=\"Ajouter au panier\u00a0: &ldquo;Mug \u00e9maill\u00e9 - Dog Dad&rdquo;\" data-quantity=\"1\" data-product_id=\"672\" data-product_sku=\"69C4FE15EC4E2\" data-price=\"14\" rel=\"nofollow\" class=\"wp-block-button__link  add_to_cart_button ajax_add_to_cart\">Ajouter au panier<\/a><\/div>\n\t\t\t<\/li><li class=\"wc-block-grid__product\">\n\t\t\t\t<a href=\"https:\/\/mathildebecmann.fr\/boutique\/produit\/t-shirt-ecologique-message-sauvez-la-calotte-coton-biologique\/\" class=\"wc-block-grid__product-link\">\n\t\t\t\t\t\n\t\t\t\t\t<div class=\"wc-block-grid__product-image\"><img loading=\"lazy\" decoding=\"async\" width=\"300\" height=\"300\" src=\"https:\/\/mathildebecmann.fr\/boutique\/wp-content\/uploads\/2026\/03\/unisex-organic-cotton-t-shirt-stargazer-front-69bd5a3cd61e2-300x300.png\" class=\"attachment-woocommerce_thumbnail size-woocommerce_thumbnail\" alt=\"T-shirt unisexe Sauvez la calotte - coton biologique\" srcset=\"https:\/\/mathildebecmann.fr\/boutique\/wp-content\/uploads\/2026\/03\/unisex-organic-cotton-t-shirt-stargazer-front-69bd5a3cd61e2-300x300.png 300w, https:\/\/mathildebecmann.fr\/boutique\/wp-content\/uploads\/2026\/03\/unisex-organic-cotton-t-shirt-stargazer-front-69bd5a3cd61e2-100x100.png 100w, https:\/\/mathildebecmann.fr\/boutique\/wp-content\/uploads\/2026\/03\/unisex-organic-cotton-t-shirt-stargazer-front-69bd5a3cd61e2-600x600.png 600w, https:\/\/mathildebecmann.fr\/boutique\/wp-content\/uploads\/2026\/03\/unisex-organic-cotton-t-shirt-stargazer-front-69bd5a3cd61e2-1024x1024.png 1024w, https:\/\/mathildebecmann.fr\/boutique\/wp-content\/uploads\/2026\/03\/unisex-organic-cotton-t-shirt-stargazer-front-69bd5a3cd61e2-150x150.png 150w, https:\/\/mathildebecmann.fr\/boutique\/wp-content\/uploads\/2026\/03\/unisex-organic-cotton-t-shirt-stargazer-front-69bd5a3cd61e2-768x768.png 768w, https:\/\/mathildebecmann.fr\/boutique\/wp-content\/uploads\/2026\/03\/unisex-organic-cotton-t-shirt-stargazer-front-69bd5a3cd61e2-1536x1536.png 1536w, https:\/\/mathildebecmann.fr\/boutique\/wp-content\/uploads\/2026\/03\/unisex-organic-cotton-t-shirt-stargazer-front-69bd5a3cd61e2-80x80.png 80w, https:\/\/mathildebecmann.fr\/boutique\/wp-content\/uploads\/2026\/03\/unisex-organic-cotton-t-shirt-stargazer-front-69bd5a3cd61e2.png 2000w\" sizes=\"(max-width: 300px) 100vw, 300px\" \/><\/div>\n\t\t\t\t\t<div class=\"wc-block-grid__product-title\">T-shirt unisexe Sauvez la calotte - coton biologique<\/div>\n\t\t\t\t<\/a>\n\t\t\t\t<div class=\"wc-block-grid__product-price price\"><span class=\"woocommerce-Price-amount amount\"><span class=\"woocommerce-Price-currencySymbol\">&euro;<\/span>25,00<\/span><\/div>\n\t\t\t\t\n\t\t\t\t<div class=\"wp-block-button wc-block-grid__product-add-to-cart\"><a href=\"https:\/\/mathildebecmann.fr\/boutique\/produit\/t-shirt-ecologique-message-sauvez-la-calotte-coton-biologique\/\" aria-label=\"S\u00e9lectionner les options pour &ldquo;T-shirt unisexe Sauvez la calotte - coton biologique&rdquo;\" data-quantity=\"1\" data-product_id=\"618\" data-product_sku=\"\" data-price=\"25\" rel=\"nofollow\" class=\"wp-block-button__link  add_to_cart_button\">Ajouter au panier<\/a><\/div>\n\t\t\t<\/li><\/ul><\/div><\/div>\n<\/div>\n\t\t\t\t\t\t\t\t<\/div>\n\t\t\t\t\t<\/div>\n\t\t\t\t<\/div>\n\t\t\t\t<\/div>\n\t\t","protected":false},"excerpt":{"rendered":"<p>Votre panier<\/p>\n","protected":false},"author":1,"featured_media":0,"parent":0,"menu_order":0,"comment_status":"closed","ping_status":"closed","template":"elementor_header_footer","meta":{"footnotes":""},"class_list":["post-13","page","type-page","status-publish"],"yoast_head":"<!-- This site is optimized with the Yoast SEO plugin v27.2 - https:\/\/yoast.com\/product\/yoast-seo-wordpress\/ -->\n<title>Panier - Boutique MayaFox Studio<\/title>\n<meta name=\"robots\" content=\"index, follow, max-snippet:-1, max-image-preview:large, max-video-preview:-1\" \/>\n<link rel=\"canonical\" href=\"https:\/\/mathildebecmann.fr\/boutique\/panier\/\" \/>\n<meta property=\"og:locale\" content=\"fr_FR\" \/>\n<meta property=\"og:type\" content=\"article\" \/>\n<meta property=\"og:title\" content=\"Panier - Boutique MayaFox Studio\" \/>\n<meta property=\"og:description\" content=\"Votre panier\" \/>\n<meta property=\"og:url\" content=\"https:\/\/mathildebecmann.fr\/boutique\/panier\/\" \/>\n<meta property=\"og:site_name\" content=\"Boutique MayaFox Studio\" \/>\n<meta property=\"article:modified_time\" content=\"2026-03-23T15:24:08+00:00\" \/>\n<meta name=\"twitter:card\" content=\"summary_large_image\" \/>\n<script type=\"application\/ld+json\" class=\"yoast-schema-graph\">{\"@context\":\"https:\/\/schema.org\",\"@graph\":[{\"@type\":\"WebPage\",\"@id\":\"https:\/\/mathildebecmann.fr\/boutique\/panier\/\",\"url\":\"https:\/\/mathildebecmann.fr\/boutique\/panier\/\",\"name\":\"Panier - Boutique MayaFox Studio\",\"isPartOf\":{\"@id\":\"https:\/\/mathildebecmann.fr\/boutique\/#website\"},\"datePublished\":\"2026-03-18T14:58:12+00:00\",\"dateModified\":\"2026-03-23T15:24:08+00:00\",\"breadcrumb\":{\"@id\":\"https:\/\/mathildebecmann.fr\/boutique\/panier\/#breadcrumb\"},\"inLanguage\":\"fr-FR\",\"potentialAction\":[{\"@type\":\"ReadAction\",\"target\":[\"https:\/\/mathildebecmann.fr\/boutique\/panier\/\"]}]},{\"@type\":\"BreadcrumbList\",\"@id\":\"https:\/\/mathildebecmann.fr\/boutique\/panier\/#breadcrumb\",\"itemListElement\":[{\"@type\":\"ListItem\",\"position\":1,\"name\":\"Accueil\",\"item\":\"https:\/\/mathildebecmann.fr\/boutique\/\"},{\"@type\":\"ListItem\",\"position\":2,\"name\":\"Panier\"}]},{\"@type\":\"WebSite\",\"@id\":\"https:\/\/mathildebecmann.fr\/boutique\/#website\",\"url\":\"https:\/\/mathildebecmann.fr\/boutique\/\",\"name\":\"Boutique MayaFox Studio\",\"description\":\"\",\"publisher\":{\"@id\":\"https:\/\/mathildebecmann.fr\/boutique\/#organization\"},\"potentialAction\":[{\"@type\":\"SearchAction\",\"target\":{\"@type\":\"EntryPoint\",\"urlTemplate\":\"https:\/\/mathildebecmann.fr\/boutique\/?s={search_term_string}\"},\"query-input\":{\"@type\":\"PropertyValueSpecification\",\"valueRequired\":true,\"valueName\":\"search_term_string\"}}],\"inLanguage\":\"fr-FR\"},{\"@type\":\"Organization\",\"@id\":\"https:\/\/mathildebecmann.fr\/boutique\/#organization\",\"name\":\"Boutique MayaFox Studio\",\"url\":\"https:\/\/mathildebecmann.fr\/boutique\/\",\"logo\":{\"@type\":\"ImageObject\",\"inLanguage\":\"fr-FR\",\"@id\":\"https:\/\/mathildebecmann.fr\/boutique\/#\/schema\/logo\/image\/\",\"url\":\"https:\/\/mathildebecmann.fr\/boutique\/wp-content\/uploads\/2026\/03\/cropped-FoxHead.webp\",\"contentUrl\":\"https:\/\/mathildebecmann.fr\/boutique\/wp-content\/uploads\/2026\/03\/cropped-FoxHead.webp\",\"width\":512,\"height\":512,\"caption\":\"Boutique MayaFox Studio\"},\"image\":{\"@id\":\"https:\/\/mathildebecmann.fr\/boutique\/#\/schema\/logo\/image\/\"},\"sameAs\":[\"https:\/\/www.instagram.com\/mathilde.becmann.graphisme\/\"]}]}<\/script>\n<!-- \/ Yoast SEO plugin. -->","yoast_head_json":{"title":"Panier - Boutique MayaFox Studio","robots":{"index":"index","follow":"follow","max-snippet":"max-snippet:-1","max-image-preview":"max-image-preview:large","max-video-preview":"max-video-preview:-1"},"canonical":"https:\/\/mathildebecmann.fr\/boutique\/panier\/","og_locale":"fr_FR","og_type":"article","og_title":"Panier - Boutique MayaFox Studio","og_description":"Votre panier","og_url":"https:\/\/mathildebecmann.fr\/boutique\/panier\/","og_site_name":"Boutique MayaFox Studio","article_modified_time":"2026-03-23T15:24:08+00:00","twitter_card":"summary_large_image","schema":{"@context":"https:\/\/schema.org","@graph":[{"@type":"WebPage","@id":"https:\/\/mathildebecmann.fr\/boutique\/panier\/","url":"https:\/\/mathildebecmann.fr\/boutique\/panier\/","name":"Panier - Boutique MayaFox Studio","isPartOf":{"@id":"https:\/\/mathildebecmann.fr\/boutique\/#website"},"datePublished":"2026-03-18T14:58:12+00:00","dateModified":"2026-03-23T15:24:08+00:00","breadcrumb":{"@id":"https:\/\/mathildebecmann.fr\/boutique\/panier\/#breadcrumb"},"inLanguage":"fr-FR","potentialAction":[{"@type":"ReadAction","target":["https:\/\/mathildebecmann.fr\/boutique\/panier\/"]}]},{"@type":"BreadcrumbList","@id":"https:\/\/mathildebecmann.fr\/boutique\/panier\/#breadcrumb","itemListElement":[{"@type":"ListItem","position":1,"name":"Accueil","item":"https:\/\/mathildebecmann.fr\/boutique\/"},{"@type":"ListItem","position":2,"name":"Panier"}]},{"@type":"WebSite","@id":"https:\/\/mathildebecmann.fr\/boutique\/#website","url":"https:\/\/mathildebecmann.fr\/boutique\/","name":"Boutique MayaFox Studio","description":"","publisher":{"@id":"https:\/\/mathildebecmann.fr\/boutique\/#organization"},"potentialAction":[{"@type":"SearchAction","target":{"@type":"EntryPoint","urlTemplate":"https:\/\/mathildebecmann.fr\/boutique\/?s={search_term_string}"},"query-input":{"@type":"PropertyValueSpecification","valueRequired":true,"valueName":"search_term_string"}}],"inLanguage":"fr-FR"},{"@type":"Organization","@id":"https:\/\/mathildebecmann.fr\/boutique\/#organization","name":"Boutique MayaFox Studio","url":"https:\/\/mathildebecmann.fr\/boutique\/","logo":{"@type":"ImageObject","inLanguage":"fr-FR","@id":"https:\/\/mathildebecmann.fr\/boutique\/#\/schema\/logo\/image\/","url":"https:\/\/mathildebecmann.fr\/boutique\/wp-content\/uploads\/2026\/03\/cropped-FoxHead.webp","contentUrl":"https:\/\/mathildebecmann.fr\/boutique\/wp-content\/uploads\/2026\/03\/cropped-FoxHead.webp","width":512,"height":512,"caption":"Boutique MayaFox Studio"},"image":{"@id":"https:\/\/mathildebecmann.fr\/boutique\/#\/schema\/logo\/image\/"},"sameAs":["https:\/\/www.instagram.com\/mathilde.becmann.graphisme\/"]}]}},"_links":{"self":[{"href":"https:\/\/mathildebecmann.fr\/boutique\/wp-json\/wp\/v2\/pages\/13","targetHints":{"allow":["GET"]}}],"collection":[{"href":"https:\/\/mathildebecmann.fr\/boutique\/wp-json\/wp\/v2\/pages"}],"about":[{"href":"https:\/\/mathildebecmann.fr\/boutique\/wp-json\/wp\/v2\/types\/page"}],"author":[{"embeddable":true,"href":"https:\/\/mathildebecmann.fr\/boutique\/wp-json\/wp\/v2\/users\/1"}],"replies":[{"embeddable":true,"href":"https:\/\/mathildebecmann.fr\/boutique\/wp-json\/wp\/v2\/comments?post=13"}],"version-history":[{"count":4,"href":"https:\/\/mathildebecmann.fr\/boutique\/wp-json\/wp\/v2\/pages\/13\/revisions"}],"predecessor-version":[{"id":474,"href":"https:\/\/mathildebecmann.fr\/boutique\/wp-json\/wp\/v2\/pages\/13\/revisions\/474"}],"wp:attachment":[{"href":"https:\/\/mathildebecmann.fr\/boutique\/wp-json\/wp\/v2\/media?parent=13"}],"curies":[{"name":"wp","href":"https:\/\/api.w.org\/{rel}","templated":true}]}}