{"id":365,"date":"2026-03-20T15:27:26","date_gmt":"2026-03-20T14:27:26","guid":{"rendered":"https:\/\/mathildebecmann.fr\/boutique\/produit\/crop-top-femme-kitsune-kynos-crossfit\/"},"modified":"2026-03-26T15:57:43","modified_gmt":"2026-03-26T14:57:43","slug":"crop-top-fitness-femme-kitsune-kynos-crossfit","status":"publish","type":"product","link":"https:\/\/mathildebecmann.fr\/boutique\/produit\/crop-top-fitness-femme-kitsune-kynos-crossfit\/","title":{"rendered":"Crop top femme Kitsune &#8211; Kynos Crossfit"},"content":{"rendered":"<h2>\ud83e\udd8a L\u2019esprit Kitsune : force et ma\u00eetrise<\/h2>\n<div>\n<p>Lib\u00e9rez votre instinct avec ce design inspir\u00e9 du Kitsune, figure embl\u00e9matique de la mythologie japonaise.<\/p>\n<\/div>\n<div>Symbole d\u2019intelligence et de transformation, ce renard incarne une force diff\u00e9rente. En effet, il ne repr\u00e9sente pas la brutalit\u00e9. Au contraire, il \u00e9voque une \u00e9nergie calme, pr\u00e9cise et ma\u00eetris\u00e9e.<\/div>\n<div>\n<p>Ainsi, ce design traduit une puissance int\u00e9rieure. Une force qui se construit avec discipline, r\u00e9p\u00e9tition et d\u00e9termination.<\/p>\n<\/div>\n<p>&nbsp;<\/p>\n<div><strong>Id\u00e9al pour :<\/strong><\/div>\n<ul>\n<li>Les pratiquants de CrossFit et de fitness<\/li>\n<li>Les passionn\u00e9s de culture japonaise et de mythologie<\/li>\n<li>Ceux qui recherchent un design sobre mais charg\u00e9 de sens<\/li>\n<\/ul>\n<h3 data-section-id=\"1jov90f\" data-start=\"947\" data-end=\"984\">\ud83d\udcaa Affirmez votre \u00e9tat d\u2019esprit<\/h3>\n<p data-start=\"986\" data-end=\"1152\">Avec ce design, vous exprimez votre force int\u00e9rieure et votre discipline. De plus, il vous inspire \u00e0 vous d\u00e9passer chaque jour. Enfin, il allie style et motivation.<\/p>\n<p data-start=\"1154\" data-end=\"1177\">KYNOS \u2014 Primal Power.<\/p>\n<div>&#8212;&#8212;&#8212;&#8212;&#8212;&#8212;&#8212;&#8212;&#8212;&#8212;&#8212;&#8212;&#8212;&#8212;&#8212;&#8212;&#8212;&#8212;&#8212;&#8212;&#8212;&#8212;&#8212;&#8212;&#8212;&#8212;&#8212;&#8212;&#8212;&#8212;&#8212;&#8212;&#8212;&#8212;&#8212;&#8212;&#8212;&#8212;&#8212;&#8212;&#8212;&#8212;&#8212;&#8212;-<\/div>\n<p>Ce crop top est fabriqu\u00e9 en 100 % coton peign\u00e9, ce qui le rend extr\u00eamement doux et plus r\u00e9sistant que les chemises en coton ordinaire. La coupe d\u00e9contract\u00e9e et les \u00e9paules tombantes garantissent confort et style et la longueur courte en fait un v\u00eatement id\u00e9al pour le printemps et l&rsquo;\u00e9t\u00e9.<\/p>\n<p>\u2022 Impression num\u00e9rique textile pour le dos, broderie sur les logos devant et sur la manche droite<br \/>\n\u2022 100\u00a0%\u00a0coton peign\u00e9<br \/>\n\u2022 Les couleurs chin\u00e9es sont compos\u00e9es de 15\u00a0%\u00a0de viscose et de 85\u00a0% de coton<br \/>\n\u2022 Poids du tissu\u00a0:\u00a0180\u00a0g\/m\u00b2 (5,3\u00a0oz\/yd\u00b2)<br \/>\n\u2022 Coupe d\u00e9contract\u00e9e<br \/>\n\u2022 Longueur courte<br \/>\n\u2022 Col ras du cou c\u00f4tel\u00e9<br \/>\n\u2022 \u00c9paules tombantes<br \/>\n\u2022 Couture sur le c\u00f4t\u00e9<br \/>\n\u2022 Ruban d&rsquo;\u00e9paule \u00e0 \u00e9paule<br \/>\n\u2022 Ourlets \u00e0 double aiguille<br \/>\n\u2022 Pr\u00e9-r\u00e9tr\u00e9ci<br \/>\n\u2022 Produit imprim\u00e9 \u00e0 la demande en Europe<\/p>\n<p>Tee shirt pour adulte<br \/>\nGarantie Europe : 2 ans<br \/>\nAutres informations: R\u00e9pond aux exigences relatives \u00e0 l\u2019inflammabilit\u00e9, aux teneurs en plomb, cadmium, phtalates et formald\u00e9hyde.<\/p>\n<p style=\"font-size: 10px;\">En conformit\u00e9 avec le R\u00e8glement pour la S\u00e9curit\u00e9 G\u00e9n\u00e9rale des Produits (RSGP), <b>Oak inc.<\/b> garantit que tous les produits de consommation propos\u00e9s sont s\u00fbrs et conformes aux normes de l&rsquo;UE. Pour toute question ou pr\u00e9occupation li\u00e9e \u00e0 la s\u00e9curit\u00e9 des produits, veuillez nous contacter \u00e0 <b>alex.oak@company.com<\/b> ou nous \u00e9crire \u00e0 <b>123 Main Street, Anytown, Country.<\/b><\/p>\n<p>&nbsp;<\/p>\n","protected":false},"excerpt":{"rendered":"<p>\ud83e\udd8a L\u2019esprit Kitsune : force et ma\u00eetrise Lib\u00e9rez votre instinct avec ce design inspir\u00e9 du Kitsune, figure embl\u00e9matique de la mythologie japonaise. Symbole d\u2019intelligence et de transformation, ce renard incarne une force diff\u00e9rente. En effet, il ne repr\u00e9sente pas la brutalit\u00e9. Au contraire, il \u00e9voque une \u00e9nergie calme, pr\u00e9cise et ma\u00eetris\u00e9e. Ainsi, ce design traduit une puissance int\u00e9rieure. Une force qui se construit avec discipline, r\u00e9p\u00e9tition et d\u00e9termination. &nbsp; Id\u00e9al pour : Les pratiquants de CrossFit et de fitness Les passionn\u00e9s de culture japonaise et de mythologie Ceux qui recherchent un design sobre mais charg\u00e9 de sens \ud83d\udcaa Affirmez votre \u00e9tat d\u2019esprit Avec ce design, vous exprimez votre force int\u00e9rieure et votre discipline. De plus, il vous inspire \u00e0 vous d\u00e9passer chaque jour. Enfin, il allie style et motivation. KYNOS \u2014 Primal Power. &#8212;&#8212;&#8212;&#8212;&#8212;&#8212;&#8212;&#8212;&#8212;&#8212;&#8212;&#8212;&#8212;&#8212;&#8212;&#8212;&#8212;&#8212;&#8212;&#8212;&#8212;&#8212;&#8212;&#8212;&#8212;&#8212;&#8212;&#8212;&#8212;&#8212;&#8212;&#8212;&#8212;&#8212;&#8212;&#8212;&#8212;&#8212;&#8212;&#8212;&#8212;&#8212;&#8212;&#8212;- Ce crop top est fabriqu\u00e9 en 100 % coton peign\u00e9, ce qui le rend extr\u00eamement doux&hellip;<\/p>\n<p> <a class=\"more-link\" href=\"https:\/\/mathildebecmann.fr\/boutique\/produit\/crop-top-fitness-femme-kitsune-kynos-crossfit\/\">Lire la suite<\/a><\/p>\n","protected":false},"featured_media":388,"comment_status":"open","ping_status":"closed","template":"","meta":[],"product_brand":[],"product_cat":[49,21],"product_tag":[],"class_list":{"0":"post-365","1":"product","2":"type-product","3":"status-publish","4":"has-post-thumbnail","6":"product_cat-vetements-crossfit-originaux","7":"product_cat-vetements-lifestyle-originaux","9":"first","10":"instock","11":"taxable","12":"shipping-taxable","13":"purchasable","14":"product-type-variable"},"yoast_head":"<!-- This site is optimized with the Yoast SEO plugin v27.2 - https:\/\/yoast.com\/product\/yoast-seo-wordpress\/ -->\n<title>Crop Top Fitness Femme Kitsune Kynos Crossfit<\/title>\n<meta name=\"description\" content=\"Affichez votre style avec le crop top fitness femme Kitsune Kynos : confortable et respirant. Performance et design unique.\" \/>\n<meta name=\"robots\" content=\"index, follow, max-snippet:-1, max-image-preview:large, max-video-preview:-1\" \/>\n<link rel=\"canonical\" href=\"https:\/\/mathildebecmann.fr\/boutique\/produit\/crop-top-fitness-femme-kitsune-kynos-crossfit\/\" \/>\n<meta property=\"og:locale\" content=\"fr_FR\" \/>\n<meta property=\"og:type\" content=\"article\" \/>\n<meta property=\"og:title\" content=\"Crop Top Fitness Femme Kitsune Kynos Crossfit\" \/>\n<meta property=\"og:description\" content=\"Affichez votre style avec le crop top fitness femme Kitsune Kynos : confortable et respirant. Performance et design unique.\" \/>\n<meta property=\"og:url\" content=\"https:\/\/mathildebecmann.fr\/boutique\/produit\/crop-top-fitness-femme-kitsune-kynos-crossfit\/\" \/>\n<meta property=\"og:site_name\" content=\"Boutique MayaFox Studio\" \/>\n<meta property=\"article:modified_time\" content=\"2026-03-26T14:57:43+00:00\" \/>\n<meta property=\"og:image\" content=\"https:\/\/mathildebecmann.fr\/boutique\/wp-content\/uploads\/2026\/03\/womens-crop-top-hazy-pink-back-69bd593b4c076.png\" \/>\n\t<meta property=\"og:image:width\" content=\"2000\" \/>\n\t<meta property=\"og:image:height\" content=\"2000\" \/>\n\t<meta property=\"og:image:type\" content=\"image\/png\" \/>\n<meta name=\"twitter:card\" content=\"summary_large_image\" \/>\n<meta name=\"twitter:label1\" content=\"Dur\u00e9e de lecture estim\u00e9e\" \/>\n\t<meta name=\"twitter:data1\" content=\"2 minutes\" \/>\n<script type=\"application\/ld+json\" class=\"yoast-schema-graph\">{\"@context\":\"https:\/\/schema.org\",\"@graph\":[{\"@type\":\"WebPage\",\"@id\":\"https:\/\/mathildebecmann.fr\/boutique\/produit\/crop-top-fitness-femme-kitsune-kynos-crossfit\/\",\"url\":\"https:\/\/mathildebecmann.fr\/boutique\/produit\/crop-top-fitness-femme-kitsune-kynos-crossfit\/\",\"name\":\"Crop Top Fitness Femme Kitsune Kynos Crossfit\",\"isPartOf\":{\"@id\":\"https:\/\/mathildebecmann.fr\/boutique\/#website\"},\"primaryImageOfPage\":{\"@id\":\"https:\/\/mathildebecmann.fr\/boutique\/produit\/crop-top-fitness-femme-kitsune-kynos-crossfit\/#primaryimage\"},\"image\":{\"@id\":\"https:\/\/mathildebecmann.fr\/boutique\/produit\/crop-top-fitness-femme-kitsune-kynos-crossfit\/#primaryimage\"},\"thumbnailUrl\":\"https:\/\/mathildebecmann.fr\/boutique\/wp-content\/uploads\/2026\/03\/womens-crop-top-hazy-pink-back-69bd593b4c076.png\",\"datePublished\":\"2026-03-20T14:27:26+00:00\",\"dateModified\":\"2026-03-26T14:57:43+00:00\",\"description\":\"Affichez votre style avec le crop top fitness femme Kitsune Kynos : confortable et respirant. Performance et design unique.\",\"breadcrumb\":{\"@id\":\"https:\/\/mathildebecmann.fr\/boutique\/produit\/crop-top-fitness-femme-kitsune-kynos-crossfit\/#breadcrumb\"},\"inLanguage\":\"fr-FR\",\"potentialAction\":[{\"@type\":\"ReadAction\",\"target\":[\"https:\/\/mathildebecmann.fr\/boutique\/produit\/crop-top-fitness-femme-kitsune-kynos-crossfit\/\"]}]},{\"@type\":\"ImageObject\",\"inLanguage\":\"fr-FR\",\"@id\":\"https:\/\/mathildebecmann.fr\/boutique\/produit\/crop-top-fitness-femme-kitsune-kynos-crossfit\/#primaryimage\",\"url\":\"https:\/\/mathildebecmann.fr\/boutique\/wp-content\/uploads\/2026\/03\/womens-crop-top-hazy-pink-back-69bd593b4c076.png\",\"contentUrl\":\"https:\/\/mathildebecmann.fr\/boutique\/wp-content\/uploads\/2026\/03\/womens-crop-top-hazy-pink-back-69bd593b4c076.png\",\"width\":2000,\"height\":2000},{\"@type\":\"BreadcrumbList\",\"@id\":\"https:\/\/mathildebecmann.fr\/boutique\/produit\/crop-top-fitness-femme-kitsune-kynos-crossfit\/#breadcrumb\",\"itemListElement\":[{\"@type\":\"ListItem\",\"position\":1,\"name\":\"Accueil\",\"item\":\"https:\/\/mathildebecmann.fr\/boutique\/\"},{\"@type\":\"ListItem\",\"position\":2,\"name\":\"Boutique\",\"item\":\"https:\/\/mathildebecmann.fr\/boutique\/\"},{\"@type\":\"ListItem\",\"position\":3,\"name\":\"Crop top femme Kitsune &#8211; Kynos Crossfit\"}]},{\"@type\":\"WebSite\",\"@id\":\"https:\/\/mathildebecmann.fr\/boutique\/#website\",\"url\":\"https:\/\/mathildebecmann.fr\/boutique\/\",\"name\":\"Boutique MayaFox Studio\",\"description\":\"\",\"publisher\":{\"@id\":\"https:\/\/mathildebecmann.fr\/boutique\/#organization\"},\"potentialAction\":[{\"@type\":\"SearchAction\",\"target\":{\"@type\":\"EntryPoint\",\"urlTemplate\":\"https:\/\/mathildebecmann.fr\/boutique\/?s={search_term_string}\"},\"query-input\":{\"@type\":\"PropertyValueSpecification\",\"valueRequired\":true,\"valueName\":\"search_term_string\"}}],\"inLanguage\":\"fr-FR\"},{\"@type\":\"Organization\",\"@id\":\"https:\/\/mathildebecmann.fr\/boutique\/#organization\",\"name\":\"Boutique MayaFox Studio\",\"url\":\"https:\/\/mathildebecmann.fr\/boutique\/\",\"logo\":{\"@type\":\"ImageObject\",\"inLanguage\":\"fr-FR\",\"@id\":\"https:\/\/mathildebecmann.fr\/boutique\/#\/schema\/logo\/image\/\",\"url\":\"https:\/\/mathildebecmann.fr\/boutique\/wp-content\/uploads\/2026\/03\/cropped-FoxHead.webp\",\"contentUrl\":\"https:\/\/mathildebecmann.fr\/boutique\/wp-content\/uploads\/2026\/03\/cropped-FoxHead.webp\",\"width\":512,\"height\":512,\"caption\":\"Boutique MayaFox Studio\"},\"image\":{\"@id\":\"https:\/\/mathildebecmann.fr\/boutique\/#\/schema\/logo\/image\/\"},\"sameAs\":[\"https:\/\/www.instagram.com\/mathilde.becmann.graphisme\/\"]}]}<\/script>\n<!-- \/ Yoast SEO plugin. -->","yoast_head_json":{"title":"Crop Top Fitness Femme Kitsune Kynos Crossfit","description":"Affichez votre style avec le crop top fitness femme Kitsune Kynos : confortable et respirant. Performance et design unique.","robots":{"index":"index","follow":"follow","max-snippet":"max-snippet:-1","max-image-preview":"max-image-preview:large","max-video-preview":"max-video-preview:-1"},"canonical":"https:\/\/mathildebecmann.fr\/boutique\/produit\/crop-top-fitness-femme-kitsune-kynos-crossfit\/","og_locale":"fr_FR","og_type":"article","og_title":"Crop Top Fitness Femme Kitsune Kynos Crossfit","og_description":"Affichez votre style avec le crop top fitness femme Kitsune Kynos : confortable et respirant. Performance et design unique.","og_url":"https:\/\/mathildebecmann.fr\/boutique\/produit\/crop-top-fitness-femme-kitsune-kynos-crossfit\/","og_site_name":"Boutique MayaFox Studio","article_modified_time":"2026-03-26T14:57:43+00:00","og_image":[{"width":2000,"height":2000,"url":"https:\/\/mathildebecmann.fr\/boutique\/wp-content\/uploads\/2026\/03\/womens-crop-top-hazy-pink-back-69bd593b4c076.png","type":"image\/png"}],"twitter_card":"summary_large_image","twitter_misc":{"Dur\u00e9e de lecture estim\u00e9e":"2 minutes"},"schema":{"@context":"https:\/\/schema.org","@graph":[{"@type":"WebPage","@id":"https:\/\/mathildebecmann.fr\/boutique\/produit\/crop-top-fitness-femme-kitsune-kynos-crossfit\/","url":"https:\/\/mathildebecmann.fr\/boutique\/produit\/crop-top-fitness-femme-kitsune-kynos-crossfit\/","name":"Crop Top Fitness Femme Kitsune Kynos Crossfit","isPartOf":{"@id":"https:\/\/mathildebecmann.fr\/boutique\/#website"},"primaryImageOfPage":{"@id":"https:\/\/mathildebecmann.fr\/boutique\/produit\/crop-top-fitness-femme-kitsune-kynos-crossfit\/#primaryimage"},"image":{"@id":"https:\/\/mathildebecmann.fr\/boutique\/produit\/crop-top-fitness-femme-kitsune-kynos-crossfit\/#primaryimage"},"thumbnailUrl":"https:\/\/mathildebecmann.fr\/boutique\/wp-content\/uploads\/2026\/03\/womens-crop-top-hazy-pink-back-69bd593b4c076.png","datePublished":"2026-03-20T14:27:26+00:00","dateModified":"2026-03-26T14:57:43+00:00","description":"Affichez votre style avec le crop top fitness femme Kitsune Kynos : confortable et respirant. Performance et design unique.","breadcrumb":{"@id":"https:\/\/mathildebecmann.fr\/boutique\/produit\/crop-top-fitness-femme-kitsune-kynos-crossfit\/#breadcrumb"},"inLanguage":"fr-FR","potentialAction":[{"@type":"ReadAction","target":["https:\/\/mathildebecmann.fr\/boutique\/produit\/crop-top-fitness-femme-kitsune-kynos-crossfit\/"]}]},{"@type":"ImageObject","inLanguage":"fr-FR","@id":"https:\/\/mathildebecmann.fr\/boutique\/produit\/crop-top-fitness-femme-kitsune-kynos-crossfit\/#primaryimage","url":"https:\/\/mathildebecmann.fr\/boutique\/wp-content\/uploads\/2026\/03\/womens-crop-top-hazy-pink-back-69bd593b4c076.png","contentUrl":"https:\/\/mathildebecmann.fr\/boutique\/wp-content\/uploads\/2026\/03\/womens-crop-top-hazy-pink-back-69bd593b4c076.png","width":2000,"height":2000},{"@type":"BreadcrumbList","@id":"https:\/\/mathildebecmann.fr\/boutique\/produit\/crop-top-fitness-femme-kitsune-kynos-crossfit\/#breadcrumb","itemListElement":[{"@type":"ListItem","position":1,"name":"Accueil","item":"https:\/\/mathildebecmann.fr\/boutique\/"},{"@type":"ListItem","position":2,"name":"Boutique","item":"https:\/\/mathildebecmann.fr\/boutique\/"},{"@type":"ListItem","position":3,"name":"Crop top femme Kitsune &#8211; Kynos Crossfit"}]},{"@type":"WebSite","@id":"https:\/\/mathildebecmann.fr\/boutique\/#website","url":"https:\/\/mathildebecmann.fr\/boutique\/","name":"Boutique MayaFox Studio","description":"","publisher":{"@id":"https:\/\/mathildebecmann.fr\/boutique\/#organization"},"potentialAction":[{"@type":"SearchAction","target":{"@type":"EntryPoint","urlTemplate":"https:\/\/mathildebecmann.fr\/boutique\/?s={search_term_string}"},"query-input":{"@type":"PropertyValueSpecification","valueRequired":true,"valueName":"search_term_string"}}],"inLanguage":"fr-FR"},{"@type":"Organization","@id":"https:\/\/mathildebecmann.fr\/boutique\/#organization","name":"Boutique MayaFox Studio","url":"https:\/\/mathildebecmann.fr\/boutique\/","logo":{"@type":"ImageObject","inLanguage":"fr-FR","@id":"https:\/\/mathildebecmann.fr\/boutique\/#\/schema\/logo\/image\/","url":"https:\/\/mathildebecmann.fr\/boutique\/wp-content\/uploads\/2026\/03\/cropped-FoxHead.webp","contentUrl":"https:\/\/mathildebecmann.fr\/boutique\/wp-content\/uploads\/2026\/03\/cropped-FoxHead.webp","width":512,"height":512,"caption":"Boutique MayaFox Studio"},"image":{"@id":"https:\/\/mathildebecmann.fr\/boutique\/#\/schema\/logo\/image\/"},"sameAs":["https:\/\/www.instagram.com\/mathilde.becmann.graphisme\/"]}]}},"_links":{"self":[{"href":"https:\/\/mathildebecmann.fr\/boutique\/wp-json\/wp\/v2\/product\/365","targetHints":{"allow":["GET"]}}],"collection":[{"href":"https:\/\/mathildebecmann.fr\/boutique\/wp-json\/wp\/v2\/product"}],"about":[{"href":"https:\/\/mathildebecmann.fr\/boutique\/wp-json\/wp\/v2\/types\/product"}],"replies":[{"embeddable":true,"href":"https:\/\/mathildebecmann.fr\/boutique\/wp-json\/wp\/v2\/comments?post=365"}],"wp:featuredmedia":[{"embeddable":true,"href":"https:\/\/mathildebecmann.fr\/boutique\/wp-json\/wp\/v2\/media\/388"}],"wp:attachment":[{"href":"https:\/\/mathildebecmann.fr\/boutique\/wp-json\/wp\/v2\/media?parent=365"}],"wp:term":[{"taxonomy":"product_brand","embeddable":true,"href":"https:\/\/mathildebecmann.fr\/boutique\/wp-json\/wp\/v2\/product_brand?post=365"},{"taxonomy":"product_cat","embeddable":true,"href":"https:\/\/mathildebecmann.fr\/boutique\/wp-json\/wp\/v2\/product_cat?post=365"},{"taxonomy":"product_tag","embeddable":true,"href":"https:\/\/mathildebecmann.fr\/boutique\/wp-json\/wp\/v2\/product_tag?post=365"}],"curies":[{"name":"wp","href":"https:\/\/api.w.org\/{rel}","templated":true}]}}