{"id":466,"date":"2026-03-20T15:51:46","date_gmt":"2026-03-20T14:51:46","guid":{"rendered":"https:\/\/mathildebecmann.fr\/boutique\/produit\/toiles\/"},"modified":"2026-03-26T16:07:33","modified_gmt":"2026-03-26T15:07:33","slug":"toile-paysage-scandinave-cabane-lac","status":"publish","type":"product","link":"https:\/\/mathildebecmann.fr\/boutique\/produit\/toile-paysage-scandinave-cabane-lac\/","title":{"rendered":"Toile cabane su\u00e9doise"},"content":{"rendered":"<h2>Une invitation \u00e0 ralentir, tout simplement \ud83c\udf3f<\/h2>\n<p>Apportez une touche de s\u00e9r\u00e9nit\u00e9 \u00e0 votre int\u00e9rieur avec cette toile illustr\u00e9e. Elle repr\u00e9sente une paisible cabane su\u00e9doise au bord de l\u2019eau. Ainsi, elle \u00e9voque imm\u00e9diatement le calme et la nature. De plus, son atmosph\u00e8re nordique rappelle ces instants o\u00f9 le temps semble ralentir.<\/p>\n<p>Ses couleurs douces et ses traits fins cr\u00e9ent une ambiance apaisante. Par cons\u00e9quent, cette toile est id\u00e9ale pour transformer une pi\u00e8ce en v\u00e9ritable cocon. Que ce soit dans un salon, une chambre ou un espace de travail, elle invite \u00e0 respirer. Elle permet aussi de se recentrer et de s\u2019\u00e9vader un instant.<\/p>\n<p>Inspir\u00e9e des paysages scandinaves, cette illustration s\u00e9duit par sa simplicit\u00e9. En effet, son style reste \u00e0 la fois \u00e9pur\u00e9 et \u00e9l\u00e9gant. Ainsi, elle s\u2019int\u00e8gre facilement dans une d\u00e9coration naturelle et moderne.<\/p>\n<p>\u2714 Illustration aux couleurs douces et harmonieuses<br \/>\n\u2714 Style minimaliste aux traits fins<br \/>\n\u2714 Ambiance apaisante inspir\u00e9e de la nature nordique<br \/>\n\u2714 Id\u00e9ale pour une d\u00e9coration chaleureuse et relaxante<\/p>\n<p>Une fen\u00eatre ouverte sur le calme\u2026 sans quitter votre int\u00e9rieur.<\/p>\n<h3 style=\"font-size: 1px; opacity: 0;\">d\u00e9coration scandinave murale<\/h3>\n<h3 style=\"font-size: 1px; opacity: 0;\">toile nature apaisante<\/h3>\n<h3 style=\"font-size: 1px; opacity: 0;\">affiche paysage nordique<\/h3>\n<p>&#8212;&#8212;&#8212;&#8212;&#8212;&#8212;&#8212;&#8212;&#8212;&#8212;&#8212;&#8212;&#8212;&#8212;&#8212;&#8212;&#8212;&#8212;&#8212;&#8212;&#8212;&#8212;&#8212;&#8212;&#8212;&#8212;&#8212;&#8212;&#8212;&#8212;&#8212;&#8212;&#8212;&#8212;&#8212;&#8212;&#8212;&#8212;<\/p>\n<p>Vous cherchez \u00e0 ajouter un peu de style \u00e0 votre pi\u00e8ce ou votre bureau\u00a0? Ne cherchez pas plus loin\u00a0: Vous allez adorer cette impression sur toile vive et r\u00e9sistante \u00e0 l&rsquo;eau.<\/p>\n<p>\u2022 Toile faite d&rsquo;un m\u00e9lange de polycoton de 3,18\u00a0cm (1,25\u00a0\u00a0\u00bb) d&rsquo;\u00e9paisseur<br \/>\n\u2022 Poids du tissu de la toile\u00a0: 344\u00a0g\/m\u00b2 (344\u00a0g\/m\u00b2\u00a0+\/-\u00a025\u00a0g\/m\u00b2)<br \/>\n\u2022 R\u00e9sistant \u00e0 la d\u00e9coloration<br \/>\n\u2022 \u00c9tir\u00e9 \u00e0 la main sur des barres en bois massif<br \/>\n\u2022 Supports de montage inclus<br \/>\n\u2022 Imprim\u00e9 en Europe \u00e0 la demande<\/p>\n<p>Garantie Europe : 2 ans<br \/>\nAutre information: R\u00e9pond aux exigences relatives \u00e0 la teneur en plomb.<\/p>\n<p style=\"font-size: 10px;\">En conformit\u00e9 avec le R\u00e8glement pour la S\u00e9curit\u00e9 G\u00e9n\u00e9rale des Produits (RSGP), <b>Oak inc.<\/b> garantit que tous les produits de consommation propos\u00e9s sont s\u00fbrs et conformes aux normes de l&rsquo;UE. Pour toute question ou pr\u00e9occupation li\u00e9e \u00e0 la s\u00e9curit\u00e9 des produits, veuillez nous contacter \u00e0 <b>alex.oak@company.com<\/b> ou nous \u00e9crire \u00e0 <b>123 Main Street, Anytown, Country.<\/b><\/p>\n<p>&nbsp;<\/p>\n","protected":false},"excerpt":{"rendered":"<p>Une invitation \u00e0 ralentir, tout simplement \ud83c\udf3f<\/p>\n<p>Apportez une touche de s\u00e9r\u00e9nit\u00e9 \u00e0 votre int\u00e9rieur avec cette toile illustr\u00e9e repr\u00e9sentant une paisible cabane su\u00e9doise au bord de l\u2019eau. Entre nature pr\u00e9serv\u00e9e et atmosph\u00e8re nordique, ce visuel \u00e9voque ces instants suspendus o\u00f9 le temps semble ralentir.<\/p>\n<p> <a class=\"more-link\" href=\"https:\/\/mathildebecmann.fr\/boutique\/produit\/toile-paysage-scandinave-cabane-lac\/\">Lire la suite<\/a><\/p>","protected":false},"featured_media":469,"comment_status":"open","ping_status":"closed","template":"","meta":[],"product_brand":[],"product_cat":[16],"product_tag":[],"class_list":{"0":"post-466","1":"product","2":"type-product","3":"status-publish","4":"has-post-thumbnail","6":"product_cat-decoration-scandinave-murale","8":"first","9":"instock","10":"taxable","11":"shipping-taxable","12":"purchasable","13":"product-type-variable"},"yoast_head":"<!-- This site is optimized with the Yoast SEO plugin v27.2 - https:\/\/yoast.com\/product\/yoast-seo-wordpress\/ -->\n<title>Toile Paysage Scandinave \u2013 Cabane au Bord de l\u2019Eau<\/title>\n<meta name=\"description\" content=\"Apportez une ambiance apaisante \u00e0 votre int\u00e9rieur avec cette toile paysage scandinave : cabane au bord de l\u2019eau, couleurs douces et esprit nature.\" \/>\n<meta name=\"robots\" content=\"index, follow, max-snippet:-1, max-image-preview:large, max-video-preview:-1\" \/>\n<link rel=\"canonical\" href=\"https:\/\/mathildebecmann.fr\/boutique\/produit\/toile-paysage-scandinave-cabane-lac\/\" \/>\n<meta property=\"og:locale\" content=\"fr_FR\" \/>\n<meta property=\"og:type\" content=\"article\" \/>\n<meta property=\"og:title\" content=\"Toile Paysage Scandinave \u2013 Cabane au Bord de l\u2019Eau\" \/>\n<meta property=\"og:description\" content=\"Apportez une ambiance apaisante \u00e0 votre int\u00e9rieur avec cette toile paysage scandinave : cabane au bord de l\u2019eau, couleurs douces et esprit nature.\" \/>\n<meta property=\"og:url\" content=\"https:\/\/mathildebecmann.fr\/boutique\/produit\/toile-paysage-scandinave-cabane-lac\/\" \/>\n<meta property=\"og:site_name\" content=\"Boutique MayaFox Studio\" \/>\n<meta property=\"article:modified_time\" content=\"2026-03-26T15:07:33+00:00\" \/>\n<meta property=\"og:image\" content=\"https:\/\/mathildebecmann.fr\/boutique\/wp-content\/uploads\/2026\/03\/canvas-in-16x24-wall-69bd5ef456559.jpg\" \/>\n\t<meta property=\"og:image:width\" content=\"2000\" \/>\n\t<meta property=\"og:image:height\" content=\"2000\" \/>\n\t<meta property=\"og:image:type\" content=\"image\/jpeg\" \/>\n<meta name=\"twitter:card\" content=\"summary_large_image\" \/>\n<meta name=\"twitter:label1\" content=\"Dur\u00e9e de lecture estim\u00e9e\" \/>\n\t<meta name=\"twitter:data1\" content=\"2 minutes\" \/>\n<script type=\"application\/ld+json\" class=\"yoast-schema-graph\">{\"@context\":\"https:\/\/schema.org\",\"@graph\":[{\"@type\":\"WebPage\",\"@id\":\"https:\/\/mathildebecmann.fr\/boutique\/produit\/toile-paysage-scandinave-cabane-lac\/\",\"url\":\"https:\/\/mathildebecmann.fr\/boutique\/produit\/toile-paysage-scandinave-cabane-lac\/\",\"name\":\"Toile Paysage Scandinave \u2013 Cabane au Bord de l\u2019Eau\",\"isPartOf\":{\"@id\":\"https:\/\/mathildebecmann.fr\/boutique\/#website\"},\"primaryImageOfPage\":{\"@id\":\"https:\/\/mathildebecmann.fr\/boutique\/produit\/toile-paysage-scandinave-cabane-lac\/#primaryimage\"},\"image\":{\"@id\":\"https:\/\/mathildebecmann.fr\/boutique\/produit\/toile-paysage-scandinave-cabane-lac\/#primaryimage\"},\"thumbnailUrl\":\"https:\/\/mathildebecmann.fr\/boutique\/wp-content\/uploads\/2026\/03\/canvas-in-16x24-wall-69bd5ef456559.jpg\",\"datePublished\":\"2026-03-20T14:51:46+00:00\",\"dateModified\":\"2026-03-26T15:07:33+00:00\",\"description\":\"Apportez une ambiance apaisante \u00e0 votre int\u00e9rieur avec cette toile paysage scandinave : cabane au bord de l\u2019eau, couleurs douces et esprit nature.\",\"breadcrumb\":{\"@id\":\"https:\/\/mathildebecmann.fr\/boutique\/produit\/toile-paysage-scandinave-cabane-lac\/#breadcrumb\"},\"inLanguage\":\"fr-FR\",\"potentialAction\":[{\"@type\":\"ReadAction\",\"target\":[\"https:\/\/mathildebecmann.fr\/boutique\/produit\/toile-paysage-scandinave-cabane-lac\/\"]}]},{\"@type\":\"ImageObject\",\"inLanguage\":\"fr-FR\",\"@id\":\"https:\/\/mathildebecmann.fr\/boutique\/produit\/toile-paysage-scandinave-cabane-lac\/#primaryimage\",\"url\":\"https:\/\/mathildebecmann.fr\/boutique\/wp-content\/uploads\/2026\/03\/canvas-in-16x24-wall-69bd5ef456559.jpg\",\"contentUrl\":\"https:\/\/mathildebecmann.fr\/boutique\/wp-content\/uploads\/2026\/03\/canvas-in-16x24-wall-69bd5ef456559.jpg\",\"width\":2000,\"height\":2000},{\"@type\":\"BreadcrumbList\",\"@id\":\"https:\/\/mathildebecmann.fr\/boutique\/produit\/toile-paysage-scandinave-cabane-lac\/#breadcrumb\",\"itemListElement\":[{\"@type\":\"ListItem\",\"position\":1,\"name\":\"Accueil\",\"item\":\"https:\/\/mathildebecmann.fr\/boutique\/\"},{\"@type\":\"ListItem\",\"position\":2,\"name\":\"Boutique\",\"item\":\"https:\/\/mathildebecmann.fr\/boutique\/\"},{\"@type\":\"ListItem\",\"position\":3,\"name\":\"Toile cabane su\u00e9doise\"}]},{\"@type\":\"WebSite\",\"@id\":\"https:\/\/mathildebecmann.fr\/boutique\/#website\",\"url\":\"https:\/\/mathildebecmann.fr\/boutique\/\",\"name\":\"Boutique MayaFox Studio\",\"description\":\"\",\"publisher\":{\"@id\":\"https:\/\/mathildebecmann.fr\/boutique\/#organization\"},\"potentialAction\":[{\"@type\":\"SearchAction\",\"target\":{\"@type\":\"EntryPoint\",\"urlTemplate\":\"https:\/\/mathildebecmann.fr\/boutique\/?s={search_term_string}\"},\"query-input\":{\"@type\":\"PropertyValueSpecification\",\"valueRequired\":true,\"valueName\":\"search_term_string\"}}],\"inLanguage\":\"fr-FR\"},{\"@type\":\"Organization\",\"@id\":\"https:\/\/mathildebecmann.fr\/boutique\/#organization\",\"name\":\"Boutique MayaFox Studio\",\"url\":\"https:\/\/mathildebecmann.fr\/boutique\/\",\"logo\":{\"@type\":\"ImageObject\",\"inLanguage\":\"fr-FR\",\"@id\":\"https:\/\/mathildebecmann.fr\/boutique\/#\/schema\/logo\/image\/\",\"url\":\"https:\/\/mathildebecmann.fr\/boutique\/wp-content\/uploads\/2026\/03\/cropped-FoxHead.webp\",\"contentUrl\":\"https:\/\/mathildebecmann.fr\/boutique\/wp-content\/uploads\/2026\/03\/cropped-FoxHead.webp\",\"width\":512,\"height\":512,\"caption\":\"Boutique MayaFox Studio\"},\"image\":{\"@id\":\"https:\/\/mathildebecmann.fr\/boutique\/#\/schema\/logo\/image\/\"},\"sameAs\":[\"https:\/\/www.instagram.com\/mathilde.becmann.graphisme\/\"]}]}<\/script>\n<!-- \/ Yoast SEO plugin. -->","yoast_head_json":{"title":"Toile Paysage Scandinave \u2013 Cabane au Bord de l\u2019Eau","description":"Apportez une ambiance apaisante \u00e0 votre int\u00e9rieur avec cette toile paysage scandinave : cabane au bord de l\u2019eau, couleurs douces et esprit nature.","robots":{"index":"index","follow":"follow","max-snippet":"max-snippet:-1","max-image-preview":"max-image-preview:large","max-video-preview":"max-video-preview:-1"},"canonical":"https:\/\/mathildebecmann.fr\/boutique\/produit\/toile-paysage-scandinave-cabane-lac\/","og_locale":"fr_FR","og_type":"article","og_title":"Toile Paysage Scandinave \u2013 Cabane au Bord de l\u2019Eau","og_description":"Apportez une ambiance apaisante \u00e0 votre int\u00e9rieur avec cette toile paysage scandinave : cabane au bord de l\u2019eau, couleurs douces et esprit nature.","og_url":"https:\/\/mathildebecmann.fr\/boutique\/produit\/toile-paysage-scandinave-cabane-lac\/","og_site_name":"Boutique MayaFox Studio","article_modified_time":"2026-03-26T15:07:33+00:00","og_image":[{"width":2000,"height":2000,"url":"https:\/\/mathildebecmann.fr\/boutique\/wp-content\/uploads\/2026\/03\/canvas-in-16x24-wall-69bd5ef456559.jpg","type":"image\/jpeg"}],"twitter_card":"summary_large_image","twitter_misc":{"Dur\u00e9e de lecture estim\u00e9e":"2 minutes"},"schema":{"@context":"https:\/\/schema.org","@graph":[{"@type":"WebPage","@id":"https:\/\/mathildebecmann.fr\/boutique\/produit\/toile-paysage-scandinave-cabane-lac\/","url":"https:\/\/mathildebecmann.fr\/boutique\/produit\/toile-paysage-scandinave-cabane-lac\/","name":"Toile Paysage Scandinave \u2013 Cabane au Bord de l\u2019Eau","isPartOf":{"@id":"https:\/\/mathildebecmann.fr\/boutique\/#website"},"primaryImageOfPage":{"@id":"https:\/\/mathildebecmann.fr\/boutique\/produit\/toile-paysage-scandinave-cabane-lac\/#primaryimage"},"image":{"@id":"https:\/\/mathildebecmann.fr\/boutique\/produit\/toile-paysage-scandinave-cabane-lac\/#primaryimage"},"thumbnailUrl":"https:\/\/mathildebecmann.fr\/boutique\/wp-content\/uploads\/2026\/03\/canvas-in-16x24-wall-69bd5ef456559.jpg","datePublished":"2026-03-20T14:51:46+00:00","dateModified":"2026-03-26T15:07:33+00:00","description":"Apportez une ambiance apaisante \u00e0 votre int\u00e9rieur avec cette toile paysage scandinave : cabane au bord de l\u2019eau, couleurs douces et esprit nature.","breadcrumb":{"@id":"https:\/\/mathildebecmann.fr\/boutique\/produit\/toile-paysage-scandinave-cabane-lac\/#breadcrumb"},"inLanguage":"fr-FR","potentialAction":[{"@type":"ReadAction","target":["https:\/\/mathildebecmann.fr\/boutique\/produit\/toile-paysage-scandinave-cabane-lac\/"]}]},{"@type":"ImageObject","inLanguage":"fr-FR","@id":"https:\/\/mathildebecmann.fr\/boutique\/produit\/toile-paysage-scandinave-cabane-lac\/#primaryimage","url":"https:\/\/mathildebecmann.fr\/boutique\/wp-content\/uploads\/2026\/03\/canvas-in-16x24-wall-69bd5ef456559.jpg","contentUrl":"https:\/\/mathildebecmann.fr\/boutique\/wp-content\/uploads\/2026\/03\/canvas-in-16x24-wall-69bd5ef456559.jpg","width":2000,"height":2000},{"@type":"BreadcrumbList","@id":"https:\/\/mathildebecmann.fr\/boutique\/produit\/toile-paysage-scandinave-cabane-lac\/#breadcrumb","itemListElement":[{"@type":"ListItem","position":1,"name":"Accueil","item":"https:\/\/mathildebecmann.fr\/boutique\/"},{"@type":"ListItem","position":2,"name":"Boutique","item":"https:\/\/mathildebecmann.fr\/boutique\/"},{"@type":"ListItem","position":3,"name":"Toile cabane su\u00e9doise"}]},{"@type":"WebSite","@id":"https:\/\/mathildebecmann.fr\/boutique\/#website","url":"https:\/\/mathildebecmann.fr\/boutique\/","name":"Boutique MayaFox Studio","description":"","publisher":{"@id":"https:\/\/mathildebecmann.fr\/boutique\/#organization"},"potentialAction":[{"@type":"SearchAction","target":{"@type":"EntryPoint","urlTemplate":"https:\/\/mathildebecmann.fr\/boutique\/?s={search_term_string}"},"query-input":{"@type":"PropertyValueSpecification","valueRequired":true,"valueName":"search_term_string"}}],"inLanguage":"fr-FR"},{"@type":"Organization","@id":"https:\/\/mathildebecmann.fr\/boutique\/#organization","name":"Boutique MayaFox Studio","url":"https:\/\/mathildebecmann.fr\/boutique\/","logo":{"@type":"ImageObject","inLanguage":"fr-FR","@id":"https:\/\/mathildebecmann.fr\/boutique\/#\/schema\/logo\/image\/","url":"https:\/\/mathildebecmann.fr\/boutique\/wp-content\/uploads\/2026\/03\/cropped-FoxHead.webp","contentUrl":"https:\/\/mathildebecmann.fr\/boutique\/wp-content\/uploads\/2026\/03\/cropped-FoxHead.webp","width":512,"height":512,"caption":"Boutique MayaFox Studio"},"image":{"@id":"https:\/\/mathildebecmann.fr\/boutique\/#\/schema\/logo\/image\/"},"sameAs":["https:\/\/www.instagram.com\/mathilde.becmann.graphisme\/"]}]}},"_links":{"self":[{"href":"https:\/\/mathildebecmann.fr\/boutique\/wp-json\/wp\/v2\/product\/466","targetHints":{"allow":["GET"]}}],"collection":[{"href":"https:\/\/mathildebecmann.fr\/boutique\/wp-json\/wp\/v2\/product"}],"about":[{"href":"https:\/\/mathildebecmann.fr\/boutique\/wp-json\/wp\/v2\/types\/product"}],"replies":[{"embeddable":true,"href":"https:\/\/mathildebecmann.fr\/boutique\/wp-json\/wp\/v2\/comments?post=466"}],"wp:featuredmedia":[{"embeddable":true,"href":"https:\/\/mathildebecmann.fr\/boutique\/wp-json\/wp\/v2\/media\/469"}],"wp:attachment":[{"href":"https:\/\/mathildebecmann.fr\/boutique\/wp-json\/wp\/v2\/media?parent=466"}],"wp:term":[{"taxonomy":"product_brand","embeddable":true,"href":"https:\/\/mathildebecmann.fr\/boutique\/wp-json\/wp\/v2\/product_brand?post=466"},{"taxonomy":"product_cat","embeddable":true,"href":"https:\/\/mathildebecmann.fr\/boutique\/wp-json\/wp\/v2\/product_cat?post=466"},{"taxonomy":"product_tag","embeddable":true,"href":"https:\/\/mathildebecmann.fr\/boutique\/wp-json\/wp\/v2\/product_tag?post=466"}],"curies":[{"name":"wp","href":"https:\/\/api.w.org\/{rel}","templated":true}]}}