{"id":508,"date":"2026-03-23T16:16:42","date_gmt":"2026-03-23T15:16:42","guid":{"rendered":"https:\/\/mathildebecmann.fr\/boutique\/produit\/crop-top-femme-mermaid-kynos-crossfit\/"},"modified":"2026-03-27T14:59:01","modified_gmt":"2026-03-27T13:59:01","slug":"crop-top-crossfit-femme-mermaid-kynos","status":"publish","type":"product","link":"https:\/\/mathildebecmann.fr\/boutique\/produit\/crop-top-crossfit-femme-mermaid-kynos\/","title":{"rendered":"Crop top femme Mermaid &#8211; Kynos Crossfit"},"content":{"rendered":"<div>\n<h3 data-section-id=\"1rxvnh3\" data-start=\"152\" data-end=\"207\">\ud83e\udddc\u200d\u2640\ufe0f Puisez votre force dans les profondeurs<\/h3>\n<p data-start=\"228\" data-end=\"398\">Puisez votre \u00e9nergie dans les profondeurs gr\u00e2ce \u00e0 ce design de sir\u00e8ne guerri\u00e8re. En effet, il combine mythe et puissance tout en sortant des repr\u00e9sentations classiques.<\/p>\n<p data-start=\"400\" data-end=\"589\">Cette sir\u00e8ne incarne r\u00e9silience, ma\u00eetrise et d\u00e9termination. Ainsi, elle symbolise une force fluide capable de s\u2019adapter, d\u2019endurer et de dominer. De plus, elle garde toujours le contr\u00f4le.<\/p>\n<p data-start=\"591\" data-end=\"763\">Chaque d\u00e9tail \u00e9voque un \u00e9quilibre subtil entre puissance brute et pr\u00e9cision. Par cons\u00e9quent, cette philosophie s\u2019applique autant \u00e0 l\u2019entra\u00eenement qu\u2019\u00e0 la vie quotidienne.<\/p>\n<\/div>\n<div><strong>Id\u00e9al pour :<\/strong><\/div>\n<ul>\n<li>Les athl\u00e8tes de CrossFit et de fitness<\/li>\n<li>Ceux qui aiment les univers mythologiques et marins<\/li>\n<li>Les esprits d\u00e9termin\u00e9s en qu\u00eate de d\u00e9passement<\/li>\n<\/ul>\n<h3 data-section-id=\"1jov90f\" data-start=\"947\" data-end=\"984\">\ud83d\udcaa Affirmez votre \u00e9tat d\u2019esprit<\/h3>\n<p data-start=\"986\" data-end=\"1152\">Avec ce design, vous exprimez votre force int\u00e9rieure et votre discipline. De plus, il vous inspire \u00e0 vous d\u00e9passer chaque jour. Enfin, il allie style et motivation.<\/p>\n<p data-start=\"1154\" data-end=\"1177\">KYNOS \u2014 Primal Power.<\/p>\n<div>&#8212;&#8212;&#8212;&#8212;&#8212;&#8212;&#8212;&#8212;&#8212;&#8212;&#8212;&#8212;&#8212;&#8212;&#8212;&#8212;&#8212;&#8212;&#8212;&#8212;&#8212;&#8212;&#8212;&#8212;&#8212;&#8212;&#8212;&#8212;&#8212;&#8212;&#8212;&#8212;&#8212;&#8212;&#8212;&#8212;&#8212;&#8212;&#8212;&#8211;<\/div>\n<p>Ce crop top est fabriqu\u00e9 en 100 % coton peign\u00e9, ce qui le rend extr\u00eamement doux et plus r\u00e9sistant que les chemises en coton ordinaire. La coupe d\u00e9contract\u00e9e et les \u00e9paules tombantes garantissent confort et style et la longueur courte en fait un v\u00eatement id\u00e9al pour le printemps et l&rsquo;\u00e9t\u00e9.<\/p>\n<p>\u2022 Impression num\u00e9rique textile pour le dos, broderie sur les logos devant et sur la manche droite<br \/>\n\u2022 100\u00a0%\u00a0coton peign\u00e9<br \/>\n\u2022 Poids du tissu : 180 g\/m\u00b2 (5,3 oz\/yd\u00b2)<br \/>\n\u2022 Coupe d\u00e9contract\u00e9e<br \/>\n\u2022 Longueur courte<br \/>\n\u2022 Col ras du cou c\u00f4tel\u00e9<br \/>\n\u2022 \u00c9paules tombantes<br \/>\n\u2022 Couture sur le c\u00f4t\u00e9<br \/>\n\u2022 Ruban d&rsquo;\u00e9paule \u00e0 \u00e9paule<br \/>\n\u2022 Ourlets \u00e0 double aiguille<br \/>\n\u2022 Pr\u00e9-r\u00e9tr\u00e9ci<br \/>\n\u2022 Produit imprim\u00e9 en Europe \u00e0 la demande<\/p>\n<p>Tee shirt pour adultes<br \/>\nGarantie EU : 2\u00a0ans<br \/>\nAutres informations: R\u00e9pond aux exigences relatives \u00e0 l\u2019inflammabilit\u00e9, aux teneurs en plomb, cadmium, phtalates et formald\u00e9hyde.<\/p>\n<p style=\"font-size: 10px;\">En conformit\u00e9 avec le R\u00e8glement pour la S\u00e9curit\u00e9 G\u00e9n\u00e9rale des Produits (RSGP), <b>Oak inc.<\/b> garantit que tous les produits de consommation propos\u00e9s sont s\u00fbrs et conformes aux normes de l&rsquo;UE. Pour toute question ou pr\u00e9occupation li\u00e9e \u00e0 la s\u00e9curit\u00e9 des produits, veuillez nous contacter \u00e0 <b>alex.oak@company.com<\/b> ou nous \u00e9crire \u00e0 <b>123 Main Street, Anytown, Country.<\/b><\/p>\n","protected":false},"excerpt":{"rendered":"<p>\ud83e\udddc\u200d\u2640\ufe0f Puisez votre force dans les profondeurs Puisez votre \u00e9nergie dans les profondeurs gr\u00e2ce \u00e0 ce design de sir\u00e8ne guerri\u00e8re. En effet, il combine mythe et puissance tout en sortant des repr\u00e9sentations classiques. Cette sir\u00e8ne incarne r\u00e9silience, ma\u00eetrise et d\u00e9termination. Ainsi, elle symbolise une force fluide capable de s\u2019adapter, d\u2019endurer et de dominer. De plus, elle garde toujours le contr\u00f4le. Chaque d\u00e9tail \u00e9voque un \u00e9quilibre subtil entre puissance brute et pr\u00e9cision. Par cons\u00e9quent, cette philosophie s\u2019applique autant \u00e0 l\u2019entra\u00eenement qu\u2019\u00e0 la vie quotidienne. Id\u00e9al pour : Les athl\u00e8tes de CrossFit et de fitness Ceux qui aiment les univers mythologiques et marins Les esprits d\u00e9termin\u00e9s en qu\u00eate de d\u00e9passement \ud83d\udcaa Affirmez votre \u00e9tat d\u2019esprit Avec ce design, vous exprimez votre force int\u00e9rieure et votre discipline. De plus, il vous inspire \u00e0 vous d\u00e9passer chaque jour. Enfin, il allie style et motivation. KYNOS \u2014 Primal Power. &#8212;&#8212;&#8212;&#8212;&#8212;&#8212;&#8212;&#8212;&#8212;&#8212;&#8212;&#8212;&#8212;&#8212;&#8212;&#8212;&#8212;&#8212;&#8212;&#8212;&#8212;&#8212;&#8212;&#8212;&#8212;&#8212;&#8212;&#8212;&#8212;&#8212;&#8212;&#8212;&#8212;&#8212;&#8212;&#8212;&#8212;&#8212;&#8212;&#8211; Ce crop top est fabriqu\u00e9&hellip;<\/p>\n<p> <a class=\"more-link\" href=\"https:\/\/mathildebecmann.fr\/boutique\/produit\/crop-top-crossfit-femme-mermaid-kynos\/\">Lire la suite<\/a><\/p>\n","protected":false},"featured_media":526,"comment_status":"open","ping_status":"closed","template":"","meta":[],"product_brand":[],"product_cat":[49,21],"product_tag":[],"class_list":{"0":"post-508","1":"product","2":"type-product","3":"status-publish","4":"has-post-thumbnail","6":"product_cat-vetements-crossfit-originaux","7":"product_cat-vetements-lifestyle-originaux","9":"first","10":"instock","11":"taxable","12":"shipping-taxable","13":"purchasable","14":"product-type-variable"},"yoast_head":"<!-- This site is optimized with the Yoast SEO plugin v27.2 - https:\/\/yoast.com\/product\/yoast-seo-wordpress\/ -->\n<title>Crop Top CrossFit Femme Mermaid Kynos<\/title>\n<meta name=\"description\" content=\"Affichez votre style avec le crop top CrossFit femme Mermaid Kynos : confortable, respirant et id\u00e9al pour vos entra\u00eenements fitness. Performance et design unique.\" \/>\n<meta name=\"robots\" content=\"index, follow, max-snippet:-1, max-image-preview:large, max-video-preview:-1\" \/>\n<link rel=\"canonical\" href=\"https:\/\/mathildebecmann.fr\/boutique\/produit\/crop-top-crossfit-femme-mermaid-kynos\/\" \/>\n<meta property=\"og:locale\" content=\"fr_FR\" \/>\n<meta property=\"og:type\" content=\"article\" \/>\n<meta property=\"og:title\" content=\"Crop Top CrossFit Femme Mermaid Kynos\" \/>\n<meta property=\"og:description\" content=\"Affichez votre style avec le crop top CrossFit femme Mermaid Kynos : confortable, respirant et id\u00e9al pour vos entra\u00eenements fitness. Performance et design unique.\" \/>\n<meta property=\"og:url\" content=\"https:\/\/mathildebecmann.fr\/boutique\/produit\/crop-top-crossfit-femme-mermaid-kynos\/\" \/>\n<meta property=\"og:site_name\" content=\"Boutique MayaFox Studio\" \/>\n<meta property=\"article:modified_time\" content=\"2026-03-27T13:59:01+00:00\" \/>\n<meta property=\"og:image\" content=\"https:\/\/mathildebecmann.fr\/boutique\/wp-content\/uploads\/2026\/03\/womens-crop-top-mineral-back-69c159492506c.png\" \/>\n\t<meta property=\"og:image:width\" content=\"2000\" \/>\n\t<meta property=\"og:image:height\" content=\"2000\" \/>\n\t<meta property=\"og:image:type\" content=\"image\/png\" \/>\n<meta name=\"twitter:card\" content=\"summary_large_image\" \/>\n<meta name=\"twitter:label1\" content=\"Dur\u00e9e de lecture estim\u00e9e\" \/>\n\t<meta name=\"twitter:data1\" content=\"2 minutes\" \/>\n<script type=\"application\/ld+json\" class=\"yoast-schema-graph\">{\"@context\":\"https:\/\/schema.org\",\"@graph\":[{\"@type\":\"WebPage\",\"@id\":\"https:\/\/mathildebecmann.fr\/boutique\/produit\/crop-top-crossfit-femme-mermaid-kynos\/\",\"url\":\"https:\/\/mathildebecmann.fr\/boutique\/produit\/crop-top-crossfit-femme-mermaid-kynos\/\",\"name\":\"Crop Top CrossFit Femme Mermaid Kynos\",\"isPartOf\":{\"@id\":\"https:\/\/mathildebecmann.fr\/boutique\/#website\"},\"primaryImageOfPage\":{\"@id\":\"https:\/\/mathildebecmann.fr\/boutique\/produit\/crop-top-crossfit-femme-mermaid-kynos\/#primaryimage\"},\"image\":{\"@id\":\"https:\/\/mathildebecmann.fr\/boutique\/produit\/crop-top-crossfit-femme-mermaid-kynos\/#primaryimage\"},\"thumbnailUrl\":\"https:\/\/mathildebecmann.fr\/boutique\/wp-content\/uploads\/2026\/03\/womens-crop-top-mineral-back-69c159492506c.png\",\"datePublished\":\"2026-03-23T15:16:42+00:00\",\"dateModified\":\"2026-03-27T13:59:01+00:00\",\"description\":\"Affichez votre style avec le crop top CrossFit femme Mermaid Kynos : confortable, respirant et id\u00e9al pour vos entra\u00eenements fitness. Performance et design unique.\",\"breadcrumb\":{\"@id\":\"https:\/\/mathildebecmann.fr\/boutique\/produit\/crop-top-crossfit-femme-mermaid-kynos\/#breadcrumb\"},\"inLanguage\":\"fr-FR\",\"potentialAction\":[{\"@type\":\"ReadAction\",\"target\":[\"https:\/\/mathildebecmann.fr\/boutique\/produit\/crop-top-crossfit-femme-mermaid-kynos\/\"]}]},{\"@type\":\"ImageObject\",\"inLanguage\":\"fr-FR\",\"@id\":\"https:\/\/mathildebecmann.fr\/boutique\/produit\/crop-top-crossfit-femme-mermaid-kynos\/#primaryimage\",\"url\":\"https:\/\/mathildebecmann.fr\/boutique\/wp-content\/uploads\/2026\/03\/womens-crop-top-mineral-back-69c159492506c.png\",\"contentUrl\":\"https:\/\/mathildebecmann.fr\/boutique\/wp-content\/uploads\/2026\/03\/womens-crop-top-mineral-back-69c159492506c.png\",\"width\":2000,\"height\":2000},{\"@type\":\"BreadcrumbList\",\"@id\":\"https:\/\/mathildebecmann.fr\/boutique\/produit\/crop-top-crossfit-femme-mermaid-kynos\/#breadcrumb\",\"itemListElement\":[{\"@type\":\"ListItem\",\"position\":1,\"name\":\"Accueil\",\"item\":\"https:\/\/mathildebecmann.fr\/boutique\/\"},{\"@type\":\"ListItem\",\"position\":2,\"name\":\"Boutique\",\"item\":\"https:\/\/mathildebecmann.fr\/boutique\/\"},{\"@type\":\"ListItem\",\"position\":3,\"name\":\"Crop top femme Mermaid &#8211; Kynos Crossfit\"}]},{\"@type\":\"WebSite\",\"@id\":\"https:\/\/mathildebecmann.fr\/boutique\/#website\",\"url\":\"https:\/\/mathildebecmann.fr\/boutique\/\",\"name\":\"Boutique MayaFox Studio\",\"description\":\"\",\"publisher\":{\"@id\":\"https:\/\/mathildebecmann.fr\/boutique\/#organization\"},\"potentialAction\":[{\"@type\":\"SearchAction\",\"target\":{\"@type\":\"EntryPoint\",\"urlTemplate\":\"https:\/\/mathildebecmann.fr\/boutique\/?s={search_term_string}\"},\"query-input\":{\"@type\":\"PropertyValueSpecification\",\"valueRequired\":true,\"valueName\":\"search_term_string\"}}],\"inLanguage\":\"fr-FR\"},{\"@type\":\"Organization\",\"@id\":\"https:\/\/mathildebecmann.fr\/boutique\/#organization\",\"name\":\"Boutique MayaFox Studio\",\"url\":\"https:\/\/mathildebecmann.fr\/boutique\/\",\"logo\":{\"@type\":\"ImageObject\",\"inLanguage\":\"fr-FR\",\"@id\":\"https:\/\/mathildebecmann.fr\/boutique\/#\/schema\/logo\/image\/\",\"url\":\"https:\/\/mathildebecmann.fr\/boutique\/wp-content\/uploads\/2026\/03\/cropped-FoxHead.webp\",\"contentUrl\":\"https:\/\/mathildebecmann.fr\/boutique\/wp-content\/uploads\/2026\/03\/cropped-FoxHead.webp\",\"width\":512,\"height\":512,\"caption\":\"Boutique MayaFox Studio\"},\"image\":{\"@id\":\"https:\/\/mathildebecmann.fr\/boutique\/#\/schema\/logo\/image\/\"},\"sameAs\":[\"https:\/\/www.instagram.com\/mathilde.becmann.graphisme\/\"]}]}<\/script>\n<!-- \/ Yoast SEO plugin. -->","yoast_head_json":{"title":"Crop Top CrossFit Femme Mermaid Kynos","description":"Affichez votre style avec le crop top CrossFit femme Mermaid Kynos : confortable, respirant et id\u00e9al pour vos entra\u00eenements fitness. Performance et design unique.","robots":{"index":"index","follow":"follow","max-snippet":"max-snippet:-1","max-image-preview":"max-image-preview:large","max-video-preview":"max-video-preview:-1"},"canonical":"https:\/\/mathildebecmann.fr\/boutique\/produit\/crop-top-crossfit-femme-mermaid-kynos\/","og_locale":"fr_FR","og_type":"article","og_title":"Crop Top CrossFit Femme Mermaid Kynos","og_description":"Affichez votre style avec le crop top CrossFit femme Mermaid Kynos : confortable, respirant et id\u00e9al pour vos entra\u00eenements fitness. Performance et design unique.","og_url":"https:\/\/mathildebecmann.fr\/boutique\/produit\/crop-top-crossfit-femme-mermaid-kynos\/","og_site_name":"Boutique MayaFox Studio","article_modified_time":"2026-03-27T13:59:01+00:00","og_image":[{"width":2000,"height":2000,"url":"https:\/\/mathildebecmann.fr\/boutique\/wp-content\/uploads\/2026\/03\/womens-crop-top-mineral-back-69c159492506c.png","type":"image\/png"}],"twitter_card":"summary_large_image","twitter_misc":{"Dur\u00e9e de lecture estim\u00e9e":"2 minutes"},"schema":{"@context":"https:\/\/schema.org","@graph":[{"@type":"WebPage","@id":"https:\/\/mathildebecmann.fr\/boutique\/produit\/crop-top-crossfit-femme-mermaid-kynos\/","url":"https:\/\/mathildebecmann.fr\/boutique\/produit\/crop-top-crossfit-femme-mermaid-kynos\/","name":"Crop Top CrossFit Femme Mermaid Kynos","isPartOf":{"@id":"https:\/\/mathildebecmann.fr\/boutique\/#website"},"primaryImageOfPage":{"@id":"https:\/\/mathildebecmann.fr\/boutique\/produit\/crop-top-crossfit-femme-mermaid-kynos\/#primaryimage"},"image":{"@id":"https:\/\/mathildebecmann.fr\/boutique\/produit\/crop-top-crossfit-femme-mermaid-kynos\/#primaryimage"},"thumbnailUrl":"https:\/\/mathildebecmann.fr\/boutique\/wp-content\/uploads\/2026\/03\/womens-crop-top-mineral-back-69c159492506c.png","datePublished":"2026-03-23T15:16:42+00:00","dateModified":"2026-03-27T13:59:01+00:00","description":"Affichez votre style avec le crop top CrossFit femme Mermaid Kynos : confortable, respirant et id\u00e9al pour vos entra\u00eenements fitness. Performance et design unique.","breadcrumb":{"@id":"https:\/\/mathildebecmann.fr\/boutique\/produit\/crop-top-crossfit-femme-mermaid-kynos\/#breadcrumb"},"inLanguage":"fr-FR","potentialAction":[{"@type":"ReadAction","target":["https:\/\/mathildebecmann.fr\/boutique\/produit\/crop-top-crossfit-femme-mermaid-kynos\/"]}]},{"@type":"ImageObject","inLanguage":"fr-FR","@id":"https:\/\/mathildebecmann.fr\/boutique\/produit\/crop-top-crossfit-femme-mermaid-kynos\/#primaryimage","url":"https:\/\/mathildebecmann.fr\/boutique\/wp-content\/uploads\/2026\/03\/womens-crop-top-mineral-back-69c159492506c.png","contentUrl":"https:\/\/mathildebecmann.fr\/boutique\/wp-content\/uploads\/2026\/03\/womens-crop-top-mineral-back-69c159492506c.png","width":2000,"height":2000},{"@type":"BreadcrumbList","@id":"https:\/\/mathildebecmann.fr\/boutique\/produit\/crop-top-crossfit-femme-mermaid-kynos\/#breadcrumb","itemListElement":[{"@type":"ListItem","position":1,"name":"Accueil","item":"https:\/\/mathildebecmann.fr\/boutique\/"},{"@type":"ListItem","position":2,"name":"Boutique","item":"https:\/\/mathildebecmann.fr\/boutique\/"},{"@type":"ListItem","position":3,"name":"Crop top femme Mermaid &#8211; Kynos Crossfit"}]},{"@type":"WebSite","@id":"https:\/\/mathildebecmann.fr\/boutique\/#website","url":"https:\/\/mathildebecmann.fr\/boutique\/","name":"Boutique MayaFox Studio","description":"","publisher":{"@id":"https:\/\/mathildebecmann.fr\/boutique\/#organization"},"potentialAction":[{"@type":"SearchAction","target":{"@type":"EntryPoint","urlTemplate":"https:\/\/mathildebecmann.fr\/boutique\/?s={search_term_string}"},"query-input":{"@type":"PropertyValueSpecification","valueRequired":true,"valueName":"search_term_string"}}],"inLanguage":"fr-FR"},{"@type":"Organization","@id":"https:\/\/mathildebecmann.fr\/boutique\/#organization","name":"Boutique MayaFox Studio","url":"https:\/\/mathildebecmann.fr\/boutique\/","logo":{"@type":"ImageObject","inLanguage":"fr-FR","@id":"https:\/\/mathildebecmann.fr\/boutique\/#\/schema\/logo\/image\/","url":"https:\/\/mathildebecmann.fr\/boutique\/wp-content\/uploads\/2026\/03\/cropped-FoxHead.webp","contentUrl":"https:\/\/mathildebecmann.fr\/boutique\/wp-content\/uploads\/2026\/03\/cropped-FoxHead.webp","width":512,"height":512,"caption":"Boutique MayaFox Studio"},"image":{"@id":"https:\/\/mathildebecmann.fr\/boutique\/#\/schema\/logo\/image\/"},"sameAs":["https:\/\/www.instagram.com\/mathilde.becmann.graphisme\/"]}]}},"_links":{"self":[{"href":"https:\/\/mathildebecmann.fr\/boutique\/wp-json\/wp\/v2\/product\/508","targetHints":{"allow":["GET"]}}],"collection":[{"href":"https:\/\/mathildebecmann.fr\/boutique\/wp-json\/wp\/v2\/product"}],"about":[{"href":"https:\/\/mathildebecmann.fr\/boutique\/wp-json\/wp\/v2\/types\/product"}],"replies":[{"embeddable":true,"href":"https:\/\/mathildebecmann.fr\/boutique\/wp-json\/wp\/v2\/comments?post=508"}],"wp:featuredmedia":[{"embeddable":true,"href":"https:\/\/mathildebecmann.fr\/boutique\/wp-json\/wp\/v2\/media\/526"}],"wp:attachment":[{"href":"https:\/\/mathildebecmann.fr\/boutique\/wp-json\/wp\/v2\/media?parent=508"}],"wp:term":[{"taxonomy":"product_brand","embeddable":true,"href":"https:\/\/mathildebecmann.fr\/boutique\/wp-json\/wp\/v2\/product_brand?post=508"},{"taxonomy":"product_cat","embeddable":true,"href":"https:\/\/mathildebecmann.fr\/boutique\/wp-json\/wp\/v2\/product_cat?post=508"},{"taxonomy":"product_tag","embeddable":true,"href":"https:\/\/mathildebecmann.fr\/boutique\/wp-json\/wp\/v2\/product_tag?post=508"}],"curies":[{"name":"wp","href":"https:\/\/api.w.org\/{rel}","templated":true}]}}