{"id":618,"date":"2026-03-24T18:26:21","date_gmt":"2026-03-24T17:26:21","guid":{"rendered":"https:\/\/mathildebecmann.fr\/boutique\/?post_type=product&#038;p=618"},"modified":"2026-03-26T16:16:42","modified_gmt":"2026-03-26T15:16:42","slug":"t-shirt-ecologique-message-sauvez-la-calotte-coton-biologique","status":"publish","type":"product","link":"https:\/\/mathildebecmann.fr\/boutique\/produit\/t-shirt-ecologique-message-sauvez-la-calotte-coton-biologique\/","title":{"rendered":"T-shirt unisexe Sauvez la calotte &#8211; coton biologique"},"content":{"rendered":"<h3>\ud83c\udf0d Un message engag\u00e9, tout en douceur<\/h3>\n<div>\n<p>Avec ce t-shirt, vous portez bien plus qu\u2019un simple visuel. En effet, vous partagez une id\u00e9e. Celle qu\u2019\u00e0 notre \u00e9chelle, chaque choix compte.<\/p>\n<p>Son illustration repr\u00e9sente un ours polaire sur un morceau de banquise. Ainsi, elle \u00e9voque la fragilit\u00e9 de notre environnement. Cependant, le message reste subtil et accessible. Il rappelle simplement la beaut\u00e9 de ce que nous avons \u00e0 pr\u00e9server.<\/p>\n<hr \/>\n<h3>\ud83e\udd55 Un message positif et accessible<\/h3>\n<p>Le slogan <em>\u00ab Sauvez la calotte, mangez des carottes \u00bb<\/em> apporte une touche l\u00e9g\u00e8re. De plus, il rend le message plus facile \u00e0 adopter au quotidien.<\/p>\n<p>Sans culpabiliser, ce design invite \u00e0 r\u00e9fl\u00e9chir autrement. En effet, il met en lumi\u00e8re l\u2019impact de notre alimentation sur la plan\u00e8te.<\/p>\n<p>Par cons\u00e9quent, r\u00e9duire sa consommation de produits d\u2019origine animale, m\u00eame l\u00e9g\u00e8rement, peut d\u00e9j\u00e0 faire la diff\u00e9rence. Ainsi, chacun peut agir \u00e0 son rythme.<\/p>\n<hr \/>\n<h3>\ud83c\udf31 Un t-shirt qui a du sens<\/h3>\n<p>Ce t-shirt est con\u00e7u pour celles et ceux qui veulent affirmer leurs valeurs simplement. Il s\u2019int\u00e8gre facilement dans votre quotidien. De plus, il peut ouvrir la discussion, sans jamais l\u2019imposer.<\/p>\n<p>Son design reste \u00e0 la fois doux et engag\u00e9. Ainsi, il combine style et message avec \u00e9quilibre.<\/p>\n<\/div>\n<p>Pourquoi vous allez l&rsquo;aimez :<\/p>\n<p>\u2714 Message \u00e9cologique positif et accessible<br \/>\n\u2714 Design original, \u00e0 la fois doux et engag\u00e9<br \/>\n\u2714 Invitation subtile \u00e0 un mode de vie plus responsable<br \/>\n\u2714 Id\u00e9al pour sensibiliser avec style, sans compromis<\/p>\n<p>Un v\u00eatement qui fait passer une id\u00e9e\u2026 et peut-\u00eatre na\u00eetre des conversations.<\/p>\n<p>Parce que changer le monde commence souvent par de petits choix \ud83c\udf31<\/p>\n<p>&#8212;&#8212;&#8212;&#8212;&#8212;&#8212;&#8212;&#8212;&#8212;&#8212;&#8212;&#8212;&#8212;&#8212;&#8212;&#8212;&#8212;&#8212;&#8212;&#8212;&#8212;&#8212;&#8212;&#8212;&#8212;&#8212;&#8212;&#8212;&#8212;&#8212;&#8212;&#8212;&#8212;&#8212;&#8212;&#8212;&#8212;&#8212;<\/p>\n<p>Fabriqu\u00e9 \u00e0 100\u00a0% en coton biologique fil\u00e9 \u00e0 l&rsquo;anneau, ce t-shirt unisexe est un incontournable. Il est de haute qualit\u00e9, super confortable et le meilleur de tout\u00a0: \u00e9cologique.<\/p>\n<p>\u2022 100\u00a0%\u00a0coton biologique fil\u00e9 \u00e0 l&rsquo;anneau<br \/>\n\u2022 Poids du tissu\u00a0: 180\u00a0g\/m\u00b2 (5,3\u00a0oz\/yd\u00b2)<br \/>\n\u2022 Jersey simple<br \/>\n\u2022 Coupe moyenne<br \/>\n\u2022 Manches mont\u00e9es<br \/>\n\u2022 C\u00f4te 1\u00a0\u00d7 1 au col<br \/>\n\u2022 Surpiq\u00fbre double large sur les ourlets des manches et du bas<br \/>\n\u2022 Bande d&rsquo;encolure en tissu assorti (int\u00e9rieur, arri\u00e8re du cou)<br \/>\n\u2022 Le tissu de ce produit d\u00e9tient des certifications pour sa teneur en coton biologique selon GOTS (Global Organic Textile Standard) et OCS (Organic Content Standard)<br \/>\n\u2022 Le tissu de ce produit est certifi\u00e9 OEKO-TEX Standard\u00a0100 et approuv\u00e9 par PETA comme \u00e9tant Vegan<br \/>\n\u2022 Produit imprim\u00e9 en Europe \u00e0 la demande<br \/>\n\u2022 Contient 0\u00a0% de polyester recycl\u00e9<br \/>\n\u2022 Contient 0\u00a0% de substances dangereuses<\/p>\n<p>Pour les adultes<br \/>\nGarantie Europe : 2 ans<br \/>\nAutre information: R\u00e9pond aux exigences REACH de l&rsquo;UE.<\/p>\n<p style=\"font-size: 10px;\">En conformit\u00e9 avec le R\u00e8glement pour la S\u00e9curit\u00e9 G\u00e9n\u00e9rale des Produits (RSGP), <b>Oak inc.<\/b> garantit que tous les produits de consommation propos\u00e9s sont s\u00fbrs et conformes aux normes de l&rsquo;UE. Pour toute question ou pr\u00e9occupation li\u00e9e \u00e0 la s\u00e9curit\u00e9 des produits, veuillez nous contacter \u00e0 <b>alex.oak@company.com<\/b> ou nous \u00e9crire \u00e0 <b>123 Main Street, Anytown, Country.<\/b><\/p>\n<p>&nbsp;<\/p>\n","protected":false},"excerpt":{"rendered":"<p>\ud83c\udf0d Un message engag\u00e9, tout en douceur Avec ce t-shirt, vous portez bien plus qu\u2019un simple visuel. En effet, vous partagez une id\u00e9e. Celle qu\u2019\u00e0 notre \u00e9chelle, chaque choix compte. Son illustration repr\u00e9sente un ours polaire sur un morceau de banquise. Ainsi, elle \u00e9voque la fragilit\u00e9 de notre environnement. Cependant, le message reste subtil et accessible. Il rappelle simplement la beaut\u00e9 de ce que nous avons \u00e0 pr\u00e9server. \ud83e\udd55 Un message positif et accessible Le slogan \u00ab Sauvez la calotte, mangez des carottes \u00bb apporte une touche l\u00e9g\u00e8re. De plus, il rend le message plus facile \u00e0 adopter au quotidien. Sans culpabiliser, ce design invite \u00e0 r\u00e9fl\u00e9chir autrement. En effet, il met en lumi\u00e8re l\u2019impact de notre alimentation sur la plan\u00e8te. Par cons\u00e9quent, r\u00e9duire sa consommation de produits d\u2019origine animale, m\u00eame l\u00e9g\u00e8rement, peut d\u00e9j\u00e0 faire la diff\u00e9rence. Ainsi, chacun peut agir \u00e0 son rythme. \ud83c\udf31 Un t-shirt qui a du&hellip;<\/p>\n<p> <a class=\"more-link\" href=\"https:\/\/mathildebecmann.fr\/boutique\/produit\/t-shirt-ecologique-message-sauvez-la-calotte-coton-biologique\/\">Lire la suite<\/a><\/p>\n","protected":false},"featured_media":454,"comment_status":"open","ping_status":"closed","template":"","meta":[],"product_brand":[],"product_cat":[50,21],"product_tag":[],"class_list":{"0":"post-618","1":"product","2":"type-product","3":"status-publish","4":"has-post-thumbnail","6":"product_cat-t-shirt-ecologique-message","7":"product_cat-vetements-lifestyle-originaux","9":"first","10":"instock","11":"taxable","12":"shipping-taxable","13":"purchasable","14":"product-type-variable"},"yoast_head":"<!-- This site is optimized with the Yoast SEO plugin v27.2 - https:\/\/yoast.com\/product\/yoast-seo-wordpress\/ -->\n<title>T Shirt \u00c9cologique Message \u2013 Sauvez la Calotte<\/title>\n<meta name=\"description\" content=\"Affichez vos valeurs avec ce t-shirt \u00e9cologique \u00e0 message : un design doux et engag\u00e9 pour sensibiliser \u00e0 la plan\u00e8te avec style et simplicit\u00e9.\" \/>\n<meta name=\"robots\" content=\"index, follow, max-snippet:-1, max-image-preview:large, max-video-preview:-1\" \/>\n<link rel=\"canonical\" href=\"https:\/\/mathildebecmann.fr\/boutique\/produit\/t-shirt-ecologique-message-sauvez-la-calotte-coton-biologique\/\" \/>\n<meta property=\"og:locale\" content=\"fr_FR\" \/>\n<meta property=\"og:type\" content=\"article\" \/>\n<meta property=\"og:title\" content=\"T Shirt \u00c9cologique Message \u2013 Sauvez la Calotte\" \/>\n<meta property=\"og:description\" content=\"Affichez vos valeurs avec ce t-shirt \u00e9cologique \u00e0 message : un design doux et engag\u00e9 pour sensibiliser \u00e0 la plan\u00e8te avec style et simplicit\u00e9.\" \/>\n<meta property=\"og:url\" content=\"https:\/\/mathildebecmann.fr\/boutique\/produit\/t-shirt-ecologique-message-sauvez-la-calotte-coton-biologique\/\" \/>\n<meta property=\"og:site_name\" content=\"Boutique MayaFox Studio\" \/>\n<meta property=\"article:modified_time\" content=\"2026-03-26T15:16:42+00:00\" \/>\n<meta property=\"og:image\" content=\"https:\/\/mathildebecmann.fr\/boutique\/wp-content\/uploads\/2026\/03\/unisex-organic-cotton-t-shirt-stargazer-front-69bd5a3cd61e2.png\" \/>\n\t<meta property=\"og:image:width\" content=\"2000\" \/>\n\t<meta property=\"og:image:height\" content=\"2000\" \/>\n\t<meta property=\"og:image:type\" content=\"image\/png\" \/>\n<meta name=\"twitter:card\" content=\"summary_large_image\" \/>\n<meta name=\"twitter:label1\" content=\"Dur\u00e9e de lecture estim\u00e9e\" \/>\n\t<meta name=\"twitter:data1\" content=\"3 minutes\" \/>\n<script type=\"application\/ld+json\" class=\"yoast-schema-graph\">{\"@context\":\"https:\/\/schema.org\",\"@graph\":[{\"@type\":\"WebPage\",\"@id\":\"https:\/\/mathildebecmann.fr\/boutique\/produit\/t-shirt-ecologique-message-sauvez-la-calotte-coton-biologique\/\",\"url\":\"https:\/\/mathildebecmann.fr\/boutique\/produit\/t-shirt-ecologique-message-sauvez-la-calotte-coton-biologique\/\",\"name\":\"T Shirt \u00c9cologique Message \u2013 Sauvez la Calotte\",\"isPartOf\":{\"@id\":\"https:\/\/mathildebecmann.fr\/boutique\/#website\"},\"primaryImageOfPage\":{\"@id\":\"https:\/\/mathildebecmann.fr\/boutique\/produit\/t-shirt-ecologique-message-sauvez-la-calotte-coton-biologique\/#primaryimage\"},\"image\":{\"@id\":\"https:\/\/mathildebecmann.fr\/boutique\/produit\/t-shirt-ecologique-message-sauvez-la-calotte-coton-biologique\/#primaryimage\"},\"thumbnailUrl\":\"https:\/\/mathildebecmann.fr\/boutique\/wp-content\/uploads\/2026\/03\/unisex-organic-cotton-t-shirt-stargazer-front-69bd5a3cd61e2.png\",\"datePublished\":\"2026-03-24T17:26:21+00:00\",\"dateModified\":\"2026-03-26T15:16:42+00:00\",\"description\":\"Affichez vos valeurs avec ce t-shirt \u00e9cologique \u00e0 message : un design doux et engag\u00e9 pour sensibiliser \u00e0 la plan\u00e8te avec style et simplicit\u00e9.\",\"breadcrumb\":{\"@id\":\"https:\/\/mathildebecmann.fr\/boutique\/produit\/t-shirt-ecologique-message-sauvez-la-calotte-coton-biologique\/#breadcrumb\"},\"inLanguage\":\"fr-FR\",\"potentialAction\":[{\"@type\":\"ReadAction\",\"target\":[\"https:\/\/mathildebecmann.fr\/boutique\/produit\/t-shirt-ecologique-message-sauvez-la-calotte-coton-biologique\/\"]}]},{\"@type\":\"ImageObject\",\"inLanguage\":\"fr-FR\",\"@id\":\"https:\/\/mathildebecmann.fr\/boutique\/produit\/t-shirt-ecologique-message-sauvez-la-calotte-coton-biologique\/#primaryimage\",\"url\":\"https:\/\/mathildebecmann.fr\/boutique\/wp-content\/uploads\/2026\/03\/unisex-organic-cotton-t-shirt-stargazer-front-69bd5a3cd61e2.png\",\"contentUrl\":\"https:\/\/mathildebecmann.fr\/boutique\/wp-content\/uploads\/2026\/03\/unisex-organic-cotton-t-shirt-stargazer-front-69bd5a3cd61e2.png\",\"width\":2000,\"height\":2000},{\"@type\":\"BreadcrumbList\",\"@id\":\"https:\/\/mathildebecmann.fr\/boutique\/produit\/t-shirt-ecologique-message-sauvez-la-calotte-coton-biologique\/#breadcrumb\",\"itemListElement\":[{\"@type\":\"ListItem\",\"position\":1,\"name\":\"Accueil\",\"item\":\"https:\/\/mathildebecmann.fr\/boutique\/\"},{\"@type\":\"ListItem\",\"position\":2,\"name\":\"Boutique\",\"item\":\"https:\/\/mathildebecmann.fr\/boutique\/\"},{\"@type\":\"ListItem\",\"position\":3,\"name\":\"T-shirt unisexe Sauvez la calotte &#8211; coton biologique\"}]},{\"@type\":\"WebSite\",\"@id\":\"https:\/\/mathildebecmann.fr\/boutique\/#website\",\"url\":\"https:\/\/mathildebecmann.fr\/boutique\/\",\"name\":\"Boutique MayaFox Studio\",\"description\":\"\",\"publisher\":{\"@id\":\"https:\/\/mathildebecmann.fr\/boutique\/#organization\"},\"potentialAction\":[{\"@type\":\"SearchAction\",\"target\":{\"@type\":\"EntryPoint\",\"urlTemplate\":\"https:\/\/mathildebecmann.fr\/boutique\/?s={search_term_string}\"},\"query-input\":{\"@type\":\"PropertyValueSpecification\",\"valueRequired\":true,\"valueName\":\"search_term_string\"}}],\"inLanguage\":\"fr-FR\"},{\"@type\":\"Organization\",\"@id\":\"https:\/\/mathildebecmann.fr\/boutique\/#organization\",\"name\":\"Boutique MayaFox Studio\",\"url\":\"https:\/\/mathildebecmann.fr\/boutique\/\",\"logo\":{\"@type\":\"ImageObject\",\"inLanguage\":\"fr-FR\",\"@id\":\"https:\/\/mathildebecmann.fr\/boutique\/#\/schema\/logo\/image\/\",\"url\":\"https:\/\/mathildebecmann.fr\/boutique\/wp-content\/uploads\/2026\/03\/cropped-FoxHead.webp\",\"contentUrl\":\"https:\/\/mathildebecmann.fr\/boutique\/wp-content\/uploads\/2026\/03\/cropped-FoxHead.webp\",\"width\":512,\"height\":512,\"caption\":\"Boutique MayaFox Studio\"},\"image\":{\"@id\":\"https:\/\/mathildebecmann.fr\/boutique\/#\/schema\/logo\/image\/\"},\"sameAs\":[\"https:\/\/www.instagram.com\/mathilde.becmann.graphisme\/\"]}]}<\/script>\n<!-- \/ Yoast SEO plugin. -->","yoast_head_json":{"title":"T Shirt \u00c9cologique Message \u2013 Sauvez la Calotte","description":"Affichez vos valeurs avec ce t-shirt \u00e9cologique \u00e0 message : un design doux et engag\u00e9 pour sensibiliser \u00e0 la plan\u00e8te avec style et simplicit\u00e9.","robots":{"index":"index","follow":"follow","max-snippet":"max-snippet:-1","max-image-preview":"max-image-preview:large","max-video-preview":"max-video-preview:-1"},"canonical":"https:\/\/mathildebecmann.fr\/boutique\/produit\/t-shirt-ecologique-message-sauvez-la-calotte-coton-biologique\/","og_locale":"fr_FR","og_type":"article","og_title":"T Shirt \u00c9cologique Message \u2013 Sauvez la Calotte","og_description":"Affichez vos valeurs avec ce t-shirt \u00e9cologique \u00e0 message : un design doux et engag\u00e9 pour sensibiliser \u00e0 la plan\u00e8te avec style et simplicit\u00e9.","og_url":"https:\/\/mathildebecmann.fr\/boutique\/produit\/t-shirt-ecologique-message-sauvez-la-calotte-coton-biologique\/","og_site_name":"Boutique MayaFox Studio","article_modified_time":"2026-03-26T15:16:42+00:00","og_image":[{"width":2000,"height":2000,"url":"https:\/\/mathildebecmann.fr\/boutique\/wp-content\/uploads\/2026\/03\/unisex-organic-cotton-t-shirt-stargazer-front-69bd5a3cd61e2.png","type":"image\/png"}],"twitter_card":"summary_large_image","twitter_misc":{"Dur\u00e9e de lecture estim\u00e9e":"3 minutes"},"schema":{"@context":"https:\/\/schema.org","@graph":[{"@type":"WebPage","@id":"https:\/\/mathildebecmann.fr\/boutique\/produit\/t-shirt-ecologique-message-sauvez-la-calotte-coton-biologique\/","url":"https:\/\/mathildebecmann.fr\/boutique\/produit\/t-shirt-ecologique-message-sauvez-la-calotte-coton-biologique\/","name":"T Shirt \u00c9cologique Message \u2013 Sauvez la Calotte","isPartOf":{"@id":"https:\/\/mathildebecmann.fr\/boutique\/#website"},"primaryImageOfPage":{"@id":"https:\/\/mathildebecmann.fr\/boutique\/produit\/t-shirt-ecologique-message-sauvez-la-calotte-coton-biologique\/#primaryimage"},"image":{"@id":"https:\/\/mathildebecmann.fr\/boutique\/produit\/t-shirt-ecologique-message-sauvez-la-calotte-coton-biologique\/#primaryimage"},"thumbnailUrl":"https:\/\/mathildebecmann.fr\/boutique\/wp-content\/uploads\/2026\/03\/unisex-organic-cotton-t-shirt-stargazer-front-69bd5a3cd61e2.png","datePublished":"2026-03-24T17:26:21+00:00","dateModified":"2026-03-26T15:16:42+00:00","description":"Affichez vos valeurs avec ce t-shirt \u00e9cologique \u00e0 message : un design doux et engag\u00e9 pour sensibiliser \u00e0 la plan\u00e8te avec style et simplicit\u00e9.","breadcrumb":{"@id":"https:\/\/mathildebecmann.fr\/boutique\/produit\/t-shirt-ecologique-message-sauvez-la-calotte-coton-biologique\/#breadcrumb"},"inLanguage":"fr-FR","potentialAction":[{"@type":"ReadAction","target":["https:\/\/mathildebecmann.fr\/boutique\/produit\/t-shirt-ecologique-message-sauvez-la-calotte-coton-biologique\/"]}]},{"@type":"ImageObject","inLanguage":"fr-FR","@id":"https:\/\/mathildebecmann.fr\/boutique\/produit\/t-shirt-ecologique-message-sauvez-la-calotte-coton-biologique\/#primaryimage","url":"https:\/\/mathildebecmann.fr\/boutique\/wp-content\/uploads\/2026\/03\/unisex-organic-cotton-t-shirt-stargazer-front-69bd5a3cd61e2.png","contentUrl":"https:\/\/mathildebecmann.fr\/boutique\/wp-content\/uploads\/2026\/03\/unisex-organic-cotton-t-shirt-stargazer-front-69bd5a3cd61e2.png","width":2000,"height":2000},{"@type":"BreadcrumbList","@id":"https:\/\/mathildebecmann.fr\/boutique\/produit\/t-shirt-ecologique-message-sauvez-la-calotte-coton-biologique\/#breadcrumb","itemListElement":[{"@type":"ListItem","position":1,"name":"Accueil","item":"https:\/\/mathildebecmann.fr\/boutique\/"},{"@type":"ListItem","position":2,"name":"Boutique","item":"https:\/\/mathildebecmann.fr\/boutique\/"},{"@type":"ListItem","position":3,"name":"T-shirt unisexe Sauvez la calotte &#8211; coton biologique"}]},{"@type":"WebSite","@id":"https:\/\/mathildebecmann.fr\/boutique\/#website","url":"https:\/\/mathildebecmann.fr\/boutique\/","name":"Boutique MayaFox Studio","description":"","publisher":{"@id":"https:\/\/mathildebecmann.fr\/boutique\/#organization"},"potentialAction":[{"@type":"SearchAction","target":{"@type":"EntryPoint","urlTemplate":"https:\/\/mathildebecmann.fr\/boutique\/?s={search_term_string}"},"query-input":{"@type":"PropertyValueSpecification","valueRequired":true,"valueName":"search_term_string"}}],"inLanguage":"fr-FR"},{"@type":"Organization","@id":"https:\/\/mathildebecmann.fr\/boutique\/#organization","name":"Boutique MayaFox Studio","url":"https:\/\/mathildebecmann.fr\/boutique\/","logo":{"@type":"ImageObject","inLanguage":"fr-FR","@id":"https:\/\/mathildebecmann.fr\/boutique\/#\/schema\/logo\/image\/","url":"https:\/\/mathildebecmann.fr\/boutique\/wp-content\/uploads\/2026\/03\/cropped-FoxHead.webp","contentUrl":"https:\/\/mathildebecmann.fr\/boutique\/wp-content\/uploads\/2026\/03\/cropped-FoxHead.webp","width":512,"height":512,"caption":"Boutique MayaFox Studio"},"image":{"@id":"https:\/\/mathildebecmann.fr\/boutique\/#\/schema\/logo\/image\/"},"sameAs":["https:\/\/www.instagram.com\/mathilde.becmann.graphisme\/"]}]}},"_links":{"self":[{"href":"https:\/\/mathildebecmann.fr\/boutique\/wp-json\/wp\/v2\/product\/618","targetHints":{"allow":["GET"]}}],"collection":[{"href":"https:\/\/mathildebecmann.fr\/boutique\/wp-json\/wp\/v2\/product"}],"about":[{"href":"https:\/\/mathildebecmann.fr\/boutique\/wp-json\/wp\/v2\/types\/product"}],"replies":[{"embeddable":true,"href":"https:\/\/mathildebecmann.fr\/boutique\/wp-json\/wp\/v2\/comments?post=618"}],"wp:featuredmedia":[{"embeddable":true,"href":"https:\/\/mathildebecmann.fr\/boutique\/wp-json\/wp\/v2\/media\/454"}],"wp:attachment":[{"href":"https:\/\/mathildebecmann.fr\/boutique\/wp-json\/wp\/v2\/media?parent=618"}],"wp:term":[{"taxonomy":"product_brand","embeddable":true,"href":"https:\/\/mathildebecmann.fr\/boutique\/wp-json\/wp\/v2\/product_brand?post=618"},{"taxonomy":"product_cat","embeddable":true,"href":"https:\/\/mathildebecmann.fr\/boutique\/wp-json\/wp\/v2\/product_cat?post=618"},{"taxonomy":"product_tag","embeddable":true,"href":"https:\/\/mathildebecmann.fr\/boutique\/wp-json\/wp\/v2\/product_tag?post=618"}],"curies":[{"name":"wp","href":"https:\/\/api.w.org\/{rel}","templated":true}]}}