{"id":672,"date":"2026-03-26T10:36:26","date_gmt":"2026-03-26T09:36:26","guid":{"rendered":"https:\/\/mathildebecmann.fr\/boutique\/produit\/mug-emaille-dog-dad\/"},"modified":"2026-03-26T16:05:15","modified_gmt":"2026-03-26T15:05:15","slug":"mug-dog-dad-emaille","status":"publish","type":"product","link":"https:\/\/mathildebecmann.fr\/boutique\/produit\/mug-dog-dad-emaille\/","title":{"rendered":"Mug \u00e9maill\u00e9 &#8211; Dog Dad"},"content":{"rendered":"<h3 data-section-id=\"1h6zutd\" data-start=\"211\" data-end=\"254\">\ud83c\udf3f Une touche de douceur au quotidien<\/h3>\n<p data-start=\"256\" data-end=\"309\">Commencez votre journ\u00e9e avec une touche de douceur\u2026<\/p>\n<p data-start=\"311\" data-end=\"607\">Ce mug \u00e9maill\u00e9 Dog Dad met \u00e0 l\u2019honneur votre lien unique avec votre compagnon. En effet, son design color\u00e9, repr\u00e9sentant un border collie en traits fins, apporte une note chaleureuse et pleine de vie. De plus, la mention \u201cDog Dad \u201d, plac\u00e9e juste en dessous, affirme fi\u00e8rement ce r\u00f4le si sp\u00e9cial.<\/p>\n<hr data-start=\"609\" data-end=\"612\" \/>\n<h3 data-section-id=\"1o7912r\" data-start=\"614\" data-end=\"656\">\u2615 Un mug pratique, partout avec vous<\/h3>\n<p data-start=\"658\" data-end=\"868\">\u00c0 la fois l\u00e9ger et r\u00e9sistant, ce mug vous accompagne partout. Ainsi, vous pouvez l\u2019utiliser \u00e0 la maison, au bureau ou m\u00eame en ext\u00e9rieur. Dans tous les cas, il devient rapidement un indispensable du quotidien.<\/p>\n<p data-start=\"870\" data-end=\"1066\">Par ailleurs, son style simple mais expressif en fait une excellente id\u00e9e cadeau. Que ce soit pour faire plaisir ou pour se faire plaisir, il trouve facilement sa place dans toutes les routines.<\/p>\n<p>\u2714 Design color\u00e9 et plein de douceur<br \/>\n\u2714 Id\u00e9al pour les amoureux des chiens<br \/>\n\u2714 L\u00e9ger, durable et pratique<br \/>\n\u2714 Parfait pour caf\u00e9, th\u00e9 ou escapades<\/p>\n<p>&#8212;&#8212;&#8212;&#8212;&#8212;&#8212;&#8212;&#8212;&#8212;&#8212;&#8212;&#8212;&#8212;&#8212;&#8212;&#8212;&#8212;&#8212;&#8212;&#8212;&#8212;&#8212;&#8212;&#8212;&#8212;&#8212;&#8212;&#8212;&#8212;&#8212;&#8212;&#8212;&#8212;&#8212;&#8212;&#8212;&#8212;&#8212;&#8212;&#8212;&#8212;&#8212;&#8212;&#8212;&#8212;&#8212;&#8212;&#8212;&#8212;&#8212;&#8212;&#8212;&#8212;-<\/p>\n<p>\u2022 Mat\u00e9riau\u00a0: \u00e9mail<br \/>\n\u2022 Dimensions\u00a0: hauteur 8\u00a0cm (3,14\u00a0\u00ab\u00a0), diam\u00e8tre 8,25\u00a0cm (3,25\u00a0\u00ab\u00a0)<br \/>\n\u2022 Mat\u00e9riau sans plomb et sans BPA<br \/>\n\u2022 Rev\u00eatement blanc avec une bordure argent\u00e9e<br \/>\n\u2022 Lavage \u00e0 la main uniquement<br \/>\n\u2022 Imprim\u00e9 en Europe \u00e0 la demande<\/p>\n<p>Attention\u00a0! Ne chauffez pas de liquides ou de nourriture directement dans la tasse, cela peut endommager le rev\u00eatement.<\/p>\n<p>Avertissement : La tasse en \u00e9mail est susceptible de se tacher lorsqu&rsquo;elle est utilis\u00e9e avec certaines boissons. Cela inclus le caf\u00e9, le th\u00e9 et les jus naturels. C&rsquo;est une caract\u00e9ristique normale des produits en \u00e9mail et non sp\u00e9cifique \u00e0 la tasse. En raison de la texture de la surface rugueuse et poreuse de l&rsquo;\u00e9mail, les grains de ces boissons peuvent facilement adh\u00e9rer \u00e0 la tasse. Cela peux entra\u00eener des taches au fil du temps. Les taches peuvent \u00eatre efficacement \u00e9limin\u00e9es en appliquant du jus de citron ou de la soude. Il suffit de frotter doucement la zone touch\u00e9e avec une \u00e9ponge dure.<\/p>\n<p>Garantie EU: 2\u00a0ans<br \/>\nAutres informations: R\u00e9pond aux exigences en mati\u00e8re de teneur en plomb, cadmium et chrome.<\/p>\n<p style=\"font-size: 10px;\">En conformit\u00e9 avec le R\u00e8glement pour la S\u00e9curit\u00e9 G\u00e9n\u00e9rale des Produits (RSGP), <b>Oak inc.<\/b> garantit que tous les produits de consommation propos\u00e9s sont s\u00fbrs et conformes aux normes de l&rsquo;UE. Pour toute question ou pr\u00e9occupation li\u00e9e \u00e0 la s\u00e9curit\u00e9 des produits, veuillez nous contacter \u00e0 <b>alex.oak@company.com<\/b> ou nous \u00e9crire \u00e0 <b>123 Main Street, Anytown, Country.<\/b><\/p>\n<p>&nbsp;<\/p>\n","protected":false},"excerpt":{"rendered":"<p>\ud83c\udf3f Une touche de douceur au quotidien Commencez votre journ\u00e9e avec une touche de douceur\u2026 Ce mug \u00e9maill\u00e9 Dog Dad met \u00e0 l\u2019honneur votre lien unique avec votre compagnon. En effet, son design color\u00e9, repr\u00e9sentant un border collie en traits fins, apporte une note chaleureuse et pleine de vie. De plus, la mention \u201cDog Dad \u201d, plac\u00e9e juste en dessous, affirme fi\u00e8rement ce r\u00f4le si sp\u00e9cial. \u2615 Un mug pratique, partout avec vous \u00c0 la fois l\u00e9ger et r\u00e9sistant, ce mug vous accompagne partout. Ainsi, vous pouvez l\u2019utiliser \u00e0 la maison, au bureau ou m\u00eame en ext\u00e9rieur. Dans tous les cas, il devient rapidement un indispensable du quotidien. Par ailleurs, son style simple mais expressif en fait une excellente id\u00e9e cadeau. Que ce soit pour faire plaisir ou pour se faire plaisir, il trouve facilement sa place dans toutes les routines. \u2714 Design color\u00e9 et plein de douceur \u2714 Id\u00e9al&hellip;<\/p>\n<p> <a class=\"more-link\" href=\"https:\/\/mathildebecmann.fr\/boutique\/produit\/mug-dog-dad-emaille\/\">Lire la suite<\/a><\/p>\n","protected":false},"featured_media":673,"comment_status":"open","ping_status":"closed","template":"","meta":[],"product_brand":[],"product_cat":[32,48],"product_tag":[],"class_list":{"0":"post-672","1":"product","2":"type-product","3":"status-publish","4":"has-post-thumbnail","6":"product_cat-accessoires-dog-lovers","7":"product_cat-cadeau-dog-lovers","9":"first","10":"instock","11":"taxable","12":"shipping-taxable","13":"purchasable","14":"product-type-simple"},"yoast_head":"<!-- This site is optimized with the Yoast SEO plugin v27.2 - https:\/\/yoast.com\/product\/yoast-seo-wordpress\/ -->\n<title>Mug Dog Dad \u00e9maill\u00e9 \u2013 cadeau original chien<\/title>\n<meta name=\"description\" content=\"Mug Dog Dad \u00e9maill\u00e9 avec illustration border collie. Un cadeau id\u00e9al pour les amoureux des chiens.\" \/>\n<meta name=\"robots\" content=\"index, follow, max-snippet:-1, max-image-preview:large, max-video-preview:-1\" \/>\n<link rel=\"canonical\" href=\"https:\/\/mathildebecmann.fr\/boutique\/produit\/mug-dog-dad-emaille\/\" \/>\n<meta property=\"og:locale\" content=\"fr_FR\" \/>\n<meta property=\"og:type\" content=\"article\" \/>\n<meta property=\"og:title\" content=\"Mug Dog Dad \u00e9maill\u00e9 \u2013 cadeau original chien\" \/>\n<meta property=\"og:description\" content=\"Mug Dog Dad \u00e9maill\u00e9 avec illustration border collie. Un cadeau id\u00e9al pour les amoureux des chiens.\" \/>\n<meta property=\"og:url\" content=\"https:\/\/mathildebecmann.fr\/boutique\/produit\/mug-dog-dad-emaille\/\" \/>\n<meta property=\"og:site_name\" content=\"Boutique MayaFox Studio\" \/>\n<meta property=\"article:modified_time\" content=\"2026-03-26T15:05:15+00:00\" \/>\n<meta property=\"og:image\" content=\"https:\/\/mathildebecmann.fr\/boutique\/wp-content\/uploads\/2026\/03\/enamel-mug-white-12-oz-front-69c4fe0f2f3a3.jpg\" \/>\n\t<meta property=\"og:image:width\" content=\"2000\" \/>\n\t<meta property=\"og:image:height\" content=\"2000\" \/>\n\t<meta property=\"og:image:type\" content=\"image\/jpeg\" \/>\n<meta name=\"twitter:card\" content=\"summary_large_image\" \/>\n<meta name=\"twitter:label1\" content=\"Dur\u00e9e de lecture estim\u00e9e\" \/>\n\t<meta name=\"twitter:data1\" content=\"3 minutes\" \/>\n<script type=\"application\/ld+json\" class=\"yoast-schema-graph\">{\"@context\":\"https:\/\/schema.org\",\"@graph\":[{\"@type\":\"WebPage\",\"@id\":\"https:\/\/mathildebecmann.fr\/boutique\/produit\/mug-dog-dad-emaille\/\",\"url\":\"https:\/\/mathildebecmann.fr\/boutique\/produit\/mug-dog-dad-emaille\/\",\"name\":\"Mug Dog Dad \u00e9maill\u00e9 \u2013 cadeau original chien\",\"isPartOf\":{\"@id\":\"https:\/\/mathildebecmann.fr\/boutique\/#website\"},\"primaryImageOfPage\":{\"@id\":\"https:\/\/mathildebecmann.fr\/boutique\/produit\/mug-dog-dad-emaille\/#primaryimage\"},\"image\":{\"@id\":\"https:\/\/mathildebecmann.fr\/boutique\/produit\/mug-dog-dad-emaille\/#primaryimage\"},\"thumbnailUrl\":\"https:\/\/mathildebecmann.fr\/boutique\/wp-content\/uploads\/2026\/03\/enamel-mug-white-12-oz-front-69c4fe0f2f3a3.jpg\",\"datePublished\":\"2026-03-26T09:36:26+00:00\",\"dateModified\":\"2026-03-26T15:05:15+00:00\",\"description\":\"Mug Dog Dad \u00e9maill\u00e9 avec illustration border collie. Un cadeau id\u00e9al pour les amoureux des chiens.\",\"breadcrumb\":{\"@id\":\"https:\/\/mathildebecmann.fr\/boutique\/produit\/mug-dog-dad-emaille\/#breadcrumb\"},\"inLanguage\":\"fr-FR\",\"potentialAction\":[{\"@type\":\"ReadAction\",\"target\":[\"https:\/\/mathildebecmann.fr\/boutique\/produit\/mug-dog-dad-emaille\/\"]}]},{\"@type\":\"ImageObject\",\"inLanguage\":\"fr-FR\",\"@id\":\"https:\/\/mathildebecmann.fr\/boutique\/produit\/mug-dog-dad-emaille\/#primaryimage\",\"url\":\"https:\/\/mathildebecmann.fr\/boutique\/wp-content\/uploads\/2026\/03\/enamel-mug-white-12-oz-front-69c4fe0f2f3a3.jpg\",\"contentUrl\":\"https:\/\/mathildebecmann.fr\/boutique\/wp-content\/uploads\/2026\/03\/enamel-mug-white-12-oz-front-69c4fe0f2f3a3.jpg\",\"width\":2000,\"height\":2000},{\"@type\":\"BreadcrumbList\",\"@id\":\"https:\/\/mathildebecmann.fr\/boutique\/produit\/mug-dog-dad-emaille\/#breadcrumb\",\"itemListElement\":[{\"@type\":\"ListItem\",\"position\":1,\"name\":\"Accueil\",\"item\":\"https:\/\/mathildebecmann.fr\/boutique\/\"},{\"@type\":\"ListItem\",\"position\":2,\"name\":\"Boutique\",\"item\":\"https:\/\/mathildebecmann.fr\/boutique\/\"},{\"@type\":\"ListItem\",\"position\":3,\"name\":\"Mug \u00e9maill\u00e9 &#8211; Dog Dad\"}]},{\"@type\":\"WebSite\",\"@id\":\"https:\/\/mathildebecmann.fr\/boutique\/#website\",\"url\":\"https:\/\/mathildebecmann.fr\/boutique\/\",\"name\":\"Boutique MayaFox Studio\",\"description\":\"\",\"publisher\":{\"@id\":\"https:\/\/mathildebecmann.fr\/boutique\/#organization\"},\"potentialAction\":[{\"@type\":\"SearchAction\",\"target\":{\"@type\":\"EntryPoint\",\"urlTemplate\":\"https:\/\/mathildebecmann.fr\/boutique\/?s={search_term_string}\"},\"query-input\":{\"@type\":\"PropertyValueSpecification\",\"valueRequired\":true,\"valueName\":\"search_term_string\"}}],\"inLanguage\":\"fr-FR\"},{\"@type\":\"Organization\",\"@id\":\"https:\/\/mathildebecmann.fr\/boutique\/#organization\",\"name\":\"Boutique MayaFox Studio\",\"url\":\"https:\/\/mathildebecmann.fr\/boutique\/\",\"logo\":{\"@type\":\"ImageObject\",\"inLanguage\":\"fr-FR\",\"@id\":\"https:\/\/mathildebecmann.fr\/boutique\/#\/schema\/logo\/image\/\",\"url\":\"https:\/\/mathildebecmann.fr\/boutique\/wp-content\/uploads\/2026\/03\/cropped-FoxHead.webp\",\"contentUrl\":\"https:\/\/mathildebecmann.fr\/boutique\/wp-content\/uploads\/2026\/03\/cropped-FoxHead.webp\",\"width\":512,\"height\":512,\"caption\":\"Boutique MayaFox Studio\"},\"image\":{\"@id\":\"https:\/\/mathildebecmann.fr\/boutique\/#\/schema\/logo\/image\/\"},\"sameAs\":[\"https:\/\/www.instagram.com\/mathilde.becmann.graphisme\/\"]}]}<\/script>\n<!-- \/ Yoast SEO plugin. -->","yoast_head_json":{"title":"Mug Dog Dad \u00e9maill\u00e9 \u2013 cadeau original chien","description":"Mug Dog Dad \u00e9maill\u00e9 avec illustration border collie. Un cadeau id\u00e9al pour les amoureux des chiens.","robots":{"index":"index","follow":"follow","max-snippet":"max-snippet:-1","max-image-preview":"max-image-preview:large","max-video-preview":"max-video-preview:-1"},"canonical":"https:\/\/mathildebecmann.fr\/boutique\/produit\/mug-dog-dad-emaille\/","og_locale":"fr_FR","og_type":"article","og_title":"Mug Dog Dad \u00e9maill\u00e9 \u2013 cadeau original chien","og_description":"Mug Dog Dad \u00e9maill\u00e9 avec illustration border collie. Un cadeau id\u00e9al pour les amoureux des chiens.","og_url":"https:\/\/mathildebecmann.fr\/boutique\/produit\/mug-dog-dad-emaille\/","og_site_name":"Boutique MayaFox Studio","article_modified_time":"2026-03-26T15:05:15+00:00","og_image":[{"width":2000,"height":2000,"url":"https:\/\/mathildebecmann.fr\/boutique\/wp-content\/uploads\/2026\/03\/enamel-mug-white-12-oz-front-69c4fe0f2f3a3.jpg","type":"image\/jpeg"}],"twitter_card":"summary_large_image","twitter_misc":{"Dur\u00e9e de lecture estim\u00e9e":"3 minutes"},"schema":{"@context":"https:\/\/schema.org","@graph":[{"@type":"WebPage","@id":"https:\/\/mathildebecmann.fr\/boutique\/produit\/mug-dog-dad-emaille\/","url":"https:\/\/mathildebecmann.fr\/boutique\/produit\/mug-dog-dad-emaille\/","name":"Mug Dog Dad \u00e9maill\u00e9 \u2013 cadeau original chien","isPartOf":{"@id":"https:\/\/mathildebecmann.fr\/boutique\/#website"},"primaryImageOfPage":{"@id":"https:\/\/mathildebecmann.fr\/boutique\/produit\/mug-dog-dad-emaille\/#primaryimage"},"image":{"@id":"https:\/\/mathildebecmann.fr\/boutique\/produit\/mug-dog-dad-emaille\/#primaryimage"},"thumbnailUrl":"https:\/\/mathildebecmann.fr\/boutique\/wp-content\/uploads\/2026\/03\/enamel-mug-white-12-oz-front-69c4fe0f2f3a3.jpg","datePublished":"2026-03-26T09:36:26+00:00","dateModified":"2026-03-26T15:05:15+00:00","description":"Mug Dog Dad \u00e9maill\u00e9 avec illustration border collie. Un cadeau id\u00e9al pour les amoureux des chiens.","breadcrumb":{"@id":"https:\/\/mathildebecmann.fr\/boutique\/produit\/mug-dog-dad-emaille\/#breadcrumb"},"inLanguage":"fr-FR","potentialAction":[{"@type":"ReadAction","target":["https:\/\/mathildebecmann.fr\/boutique\/produit\/mug-dog-dad-emaille\/"]}]},{"@type":"ImageObject","inLanguage":"fr-FR","@id":"https:\/\/mathildebecmann.fr\/boutique\/produit\/mug-dog-dad-emaille\/#primaryimage","url":"https:\/\/mathildebecmann.fr\/boutique\/wp-content\/uploads\/2026\/03\/enamel-mug-white-12-oz-front-69c4fe0f2f3a3.jpg","contentUrl":"https:\/\/mathildebecmann.fr\/boutique\/wp-content\/uploads\/2026\/03\/enamel-mug-white-12-oz-front-69c4fe0f2f3a3.jpg","width":2000,"height":2000},{"@type":"BreadcrumbList","@id":"https:\/\/mathildebecmann.fr\/boutique\/produit\/mug-dog-dad-emaille\/#breadcrumb","itemListElement":[{"@type":"ListItem","position":1,"name":"Accueil","item":"https:\/\/mathildebecmann.fr\/boutique\/"},{"@type":"ListItem","position":2,"name":"Boutique","item":"https:\/\/mathildebecmann.fr\/boutique\/"},{"@type":"ListItem","position":3,"name":"Mug \u00e9maill\u00e9 &#8211; Dog Dad"}]},{"@type":"WebSite","@id":"https:\/\/mathildebecmann.fr\/boutique\/#website","url":"https:\/\/mathildebecmann.fr\/boutique\/","name":"Boutique MayaFox Studio","description":"","publisher":{"@id":"https:\/\/mathildebecmann.fr\/boutique\/#organization"},"potentialAction":[{"@type":"SearchAction","target":{"@type":"EntryPoint","urlTemplate":"https:\/\/mathildebecmann.fr\/boutique\/?s={search_term_string}"},"query-input":{"@type":"PropertyValueSpecification","valueRequired":true,"valueName":"search_term_string"}}],"inLanguage":"fr-FR"},{"@type":"Organization","@id":"https:\/\/mathildebecmann.fr\/boutique\/#organization","name":"Boutique MayaFox Studio","url":"https:\/\/mathildebecmann.fr\/boutique\/","logo":{"@type":"ImageObject","inLanguage":"fr-FR","@id":"https:\/\/mathildebecmann.fr\/boutique\/#\/schema\/logo\/image\/","url":"https:\/\/mathildebecmann.fr\/boutique\/wp-content\/uploads\/2026\/03\/cropped-FoxHead.webp","contentUrl":"https:\/\/mathildebecmann.fr\/boutique\/wp-content\/uploads\/2026\/03\/cropped-FoxHead.webp","width":512,"height":512,"caption":"Boutique MayaFox Studio"},"image":{"@id":"https:\/\/mathildebecmann.fr\/boutique\/#\/schema\/logo\/image\/"},"sameAs":["https:\/\/www.instagram.com\/mathilde.becmann.graphisme\/"]}]}},"_links":{"self":[{"href":"https:\/\/mathildebecmann.fr\/boutique\/wp-json\/wp\/v2\/product\/672","targetHints":{"allow":["GET"]}}],"collection":[{"href":"https:\/\/mathildebecmann.fr\/boutique\/wp-json\/wp\/v2\/product"}],"about":[{"href":"https:\/\/mathildebecmann.fr\/boutique\/wp-json\/wp\/v2\/types\/product"}],"replies":[{"embeddable":true,"href":"https:\/\/mathildebecmann.fr\/boutique\/wp-json\/wp\/v2\/comments?post=672"}],"wp:featuredmedia":[{"embeddable":true,"href":"https:\/\/mathildebecmann.fr\/boutique\/wp-json\/wp\/v2\/media\/673"}],"wp:attachment":[{"href":"https:\/\/mathildebecmann.fr\/boutique\/wp-json\/wp\/v2\/media?parent=672"}],"wp:term":[{"taxonomy":"product_brand","embeddable":true,"href":"https:\/\/mathildebecmann.fr\/boutique\/wp-json\/wp\/v2\/product_brand?post=672"},{"taxonomy":"product_cat","embeddable":true,"href":"https:\/\/mathildebecmann.fr\/boutique\/wp-json\/wp\/v2\/product_cat?post=672"},{"taxonomy":"product_tag","embeddable":true,"href":"https:\/\/mathildebecmann.fr\/boutique\/wp-json\/wp\/v2\/product_tag?post=672"}],"curies":[{"name":"wp","href":"https:\/\/api.w.org\/{rel}","templated":true}]}}