{"id":680,"date":"2026-03-26T10:54:48","date_gmt":"2026-03-26T09:54:48","guid":{"rendered":"https:\/\/mathildebecmann.fr\/boutique\/produit\/sweat-a-capuche-ecologique-border-collie\/"},"modified":"2026-03-26T16:08:52","modified_gmt":"2026-03-26T15:08:52","slug":"sweat-border-collie","status":"publish","type":"product","link":"https:\/\/mathildebecmann.fr\/boutique\/produit\/sweat-border-collie\/","title":{"rendered":"Sweat \u00e0 capuche \u00e9cologique &#8211; Border collie"},"content":{"rendered":"<h2 data-start=\"4516\" data-end=\"4576\">Alliez confort et simplicit\u00e9 avec ce sweat au design \u00e9pur\u00e9 \ud83d\udc3e<\/h2>\n<p data-start=\"4578\" data-end=\"4746\">Ce sweat met \u00e0 l\u2019honneur le border collie \u00e0 travers une illustration minimaliste en traits fins. Discret et \u00e9l\u00e9gant, il s\u2019adresse \u00e0 ceux qui aiment les d\u00e9tails subtils.<\/p>\n<p data-start=\"4748\" data-end=\"4894\">Cependant, il ne se limite pas \u00e0 son esth\u00e9tique. Sa coupe confortable en fait un alli\u00e9 id\u00e9al pour les journ\u00e9es fra\u00eeches ou les moments de d\u00e9tente.<\/p>\n<p data-start=\"4896\" data-end=\"5006\">Ainsi, vous portez un v\u00eatement qui refl\u00e8te votre attachement, tout en restant facile \u00e0 int\u00e9grer \u00e0 votre style.<\/p>\n<p data-start=\"5008\" data-end=\"5135\">\u2714 Design minimaliste et intemporel<br data-start=\"5042\" data-end=\"5045\" \/>\u2714 Confort doux et agr\u00e9able<br data-start=\"5071\" data-end=\"5074\" \/>\u2714 Id\u00e9al pour un look casual<br data-start=\"5101\" data-end=\"5104\" \/>\u2714 Parfait pour les dog lovers<\/p>\n<p data-start=\"5008\" data-end=\"5135\">&#8212;&#8212;&#8212;&#8212;&#8212;&#8212;&#8212;&#8212;&#8212;&#8212;&#8212;&#8212;&#8212;&#8212;&#8212;&#8212;&#8212;&#8212;&#8212;&#8212;&#8212;&#8212;&#8212;&#8212;&#8212;&#8212;&#8212;&#8212;&#8212;&#8212;&#8212;&#8212;&#8212;&#8212;&#8212;&#8212;&#8212;&#8212;&#8212;&#8212;&#8212;&#8212;&#8212;&#8212;&#8212;&#8212;<\/p>\n<p>\u2022 Ext\u00e9rieur\u00a0:\u00a0100\u00a0%\u00a0coton biologique<br \/>\n\u2022 Int\u00e9rieur\u00a0:\u00a080\u00a0%\u00a0coton biologique, 20\u00a0% polyester recycl\u00e9<br \/>\n\u2022 Doublure bross\u00e9e<br \/>\n\u2022 Coupe droite<br \/>\n\u2022 Manches raglan<br \/>\n\u2022 Poignets et ourlets c\u00f4tel\u00e9s<br \/>\n\u2022 Cordons avec \u0153illets et extr\u00e9mit\u00e9s en m\u00e9tal<br \/>\n\u2022 Capuche doubl\u00e9e en jersey<br \/>\n\u2022 Brod\u00e9 en Europe \u00e0 la demande<\/p>\n<p>Garantie EU : 2 ans<br \/>\nAutres informations : R\u00e9pond aux exigences REACH de l&rsquo;UE.<\/p>\n<p style=\"font-size: 10px;\">En conformit\u00e9 avec le R\u00e8glement pour la S\u00e9curit\u00e9 G\u00e9n\u00e9rale des Produits (RSGP), <b>Oak inc.<\/b> garantit que tous les produits de consommation propos\u00e9s sont s\u00fbrs et conformes aux normes de l&rsquo;UE. Pour toute question ou pr\u00e9occupation li\u00e9e \u00e0 la s\u00e9curit\u00e9 des produits, veuillez nous contacter \u00e0 <b>alex.oak@company.com<\/b> ou nous \u00e9crire \u00e0 <b>123 Main Street, Anytown, Country.<\/b><\/p>\n<p>&nbsp;<\/p>\n","protected":false},"excerpt":{"rendered":"<p>Alliez confort et simplicit\u00e9 avec ce sweat au design \u00e9pur\u00e9 \ud83d\udc3e Ce sweat met \u00e0 l\u2019honneur le border collie \u00e0 travers une illustration minimaliste en traits fins. Discret et \u00e9l\u00e9gant, il s\u2019adresse \u00e0 ceux qui aiment les d\u00e9tails subtils. Cependant, il ne se limite pas \u00e0 son esth\u00e9tique. Sa coupe confortable en fait un alli\u00e9 id\u00e9al pour les journ\u00e9es fra\u00eeches ou les moments de d\u00e9tente. Ainsi, vous portez un v\u00eatement qui refl\u00e8te votre attachement, tout en restant facile \u00e0 int\u00e9grer \u00e0 votre style. \u2714 Design minimaliste et intemporel\u2714 Confort doux et agr\u00e9able\u2714 Id\u00e9al pour un look casual\u2714 Parfait pour les dog lovers &#8212;&#8212;&#8212;&#8212;&#8212;&#8212;&#8212;&#8212;&#8212;&#8212;&#8212;&#8212;&#8212;&#8212;&#8212;&#8212;&#8212;&#8212;&#8212;&#8212;&#8212;&#8212;&#8212;&#8212;&#8212;&#8212;&#8212;&#8212;&#8212;&#8212;&#8212;&#8212;&#8212;&#8212;&#8212;&#8212;&#8212;&#8212;&#8212;&#8212;&#8212;&#8212;&#8212;&#8212;&#8212;&#8212; \u2022 Ext\u00e9rieur\u00a0:\u00a0100\u00a0%\u00a0coton biologique \u2022 Int\u00e9rieur\u00a0:\u00a080\u00a0%\u00a0coton biologique, 20\u00a0% polyester recycl\u00e9 \u2022 Doublure bross\u00e9e \u2022 Coupe droite \u2022 Manches raglan \u2022 Poignets et ourlets c\u00f4tel\u00e9s \u2022 Cordons avec \u0153illets et extr\u00e9mit\u00e9s en m\u00e9tal \u2022 Capuche doubl\u00e9e en jersey \u2022 Brod\u00e9 en Europe \u00e0 la demande Garantie EU : 2&hellip;<\/p>\n<p> <a class=\"more-link\" href=\"https:\/\/mathildebecmann.fr\/boutique\/produit\/sweat-border-collie\/\">Lire la suite<\/a><\/p>\n","protected":false},"featured_media":701,"comment_status":"open","ping_status":"closed","template":"","meta":[],"product_brand":[],"product_cat":[48,21],"product_tag":[],"class_list":{"0":"post-680","1":"product","2":"type-product","3":"status-publish","4":"has-post-thumbnail","6":"product_cat-cadeau-dog-lovers","7":"product_cat-vetements-lifestyle-originaux","9":"first","10":"instock","11":"taxable","12":"shipping-taxable","13":"purchasable","14":"product-type-variable"},"yoast_head":"<!-- This site is optimized with the Yoast SEO plugin v27.2 - https:\/\/yoast.com\/product\/yoast-seo-wordpress\/ -->\n<title>Sweat Border Collie \u2013 design chien minimaliste<\/title>\n<meta name=\"description\" content=\"Sweat border collie avec design minimaliste en traits fins. Confort et style pour les amoureux des chiens.\" \/>\n<meta name=\"robots\" content=\"index, follow, max-snippet:-1, max-image-preview:large, max-video-preview:-1\" \/>\n<link rel=\"canonical\" href=\"https:\/\/mathildebecmann.fr\/boutique\/produit\/sweat-border-collie\/\" \/>\n<meta property=\"og:locale\" content=\"fr_FR\" \/>\n<meta property=\"og:type\" content=\"article\" \/>\n<meta property=\"og:title\" content=\"Sweat Border Collie \u2013 design chien minimaliste\" \/>\n<meta property=\"og:description\" content=\"Sweat border collie avec design minimaliste en traits fins. Confort et style pour les amoureux des chiens.\" \/>\n<meta property=\"og:url\" content=\"https:\/\/mathildebecmann.fr\/boutique\/produit\/sweat-border-collie\/\" \/>\n<meta property=\"og:site_name\" content=\"Boutique MayaFox Studio\" \/>\n<meta property=\"article:modified_time\" content=\"2026-03-26T15:08:52+00:00\" \/>\n<meta property=\"og:image\" content=\"https:\/\/mathildebecmann.fr\/boutique\/wp-content\/uploads\/2026\/03\/unisex-eco-raglan-hoodie-burgundy-front-69c5025600db9-1024x1024.png\" \/>\n\t<meta property=\"og:image:width\" content=\"1024\" \/>\n\t<meta property=\"og:image:height\" content=\"1024\" \/>\n\t<meta property=\"og:image:type\" content=\"image\/png\" \/>\n<meta name=\"twitter:card\" content=\"summary_large_image\" \/>\n<meta name=\"twitter:label1\" content=\"Dur\u00e9e de lecture estim\u00e9e\" \/>\n\t<meta name=\"twitter:data1\" content=\"2 minutes\" \/>\n<script type=\"application\/ld+json\" class=\"yoast-schema-graph\">{\"@context\":\"https:\/\/schema.org\",\"@graph\":[{\"@type\":\"WebPage\",\"@id\":\"https:\/\/mathildebecmann.fr\/boutique\/produit\/sweat-border-collie\/\",\"url\":\"https:\/\/mathildebecmann.fr\/boutique\/produit\/sweat-border-collie\/\",\"name\":\"Sweat Border Collie \u2013 design chien minimaliste\",\"isPartOf\":{\"@id\":\"https:\/\/mathildebecmann.fr\/boutique\/#website\"},\"primaryImageOfPage\":{\"@id\":\"https:\/\/mathildebecmann.fr\/boutique\/produit\/sweat-border-collie\/#primaryimage\"},\"image\":{\"@id\":\"https:\/\/mathildebecmann.fr\/boutique\/produit\/sweat-border-collie\/#primaryimage\"},\"thumbnailUrl\":\"https:\/\/mathildebecmann.fr\/boutique\/wp-content\/uploads\/2026\/03\/unisex-eco-raglan-hoodie-burgundy-front-69c5025600db9.png\",\"datePublished\":\"2026-03-26T09:54:48+00:00\",\"dateModified\":\"2026-03-26T15:08:52+00:00\",\"description\":\"Sweat border collie avec design minimaliste en traits fins. Confort et style pour les amoureux des chiens.\",\"breadcrumb\":{\"@id\":\"https:\/\/mathildebecmann.fr\/boutique\/produit\/sweat-border-collie\/#breadcrumb\"},\"inLanguage\":\"fr-FR\",\"potentialAction\":[{\"@type\":\"ReadAction\",\"target\":[\"https:\/\/mathildebecmann.fr\/boutique\/produit\/sweat-border-collie\/\"]}]},{\"@type\":\"ImageObject\",\"inLanguage\":\"fr-FR\",\"@id\":\"https:\/\/mathildebecmann.fr\/boutique\/produit\/sweat-border-collie\/#primaryimage\",\"url\":\"https:\/\/mathildebecmann.fr\/boutique\/wp-content\/uploads\/2026\/03\/unisex-eco-raglan-hoodie-burgundy-front-69c5025600db9.png\",\"contentUrl\":\"https:\/\/mathildebecmann.fr\/boutique\/wp-content\/uploads\/2026\/03\/unisex-eco-raglan-hoodie-burgundy-front-69c5025600db9.png\",\"width\":2000,\"height\":2000},{\"@type\":\"BreadcrumbList\",\"@id\":\"https:\/\/mathildebecmann.fr\/boutique\/produit\/sweat-border-collie\/#breadcrumb\",\"itemListElement\":[{\"@type\":\"ListItem\",\"position\":1,\"name\":\"Accueil\",\"item\":\"https:\/\/mathildebecmann.fr\/boutique\/\"},{\"@type\":\"ListItem\",\"position\":2,\"name\":\"Boutique\",\"item\":\"https:\/\/mathildebecmann.fr\/boutique\/\"},{\"@type\":\"ListItem\",\"position\":3,\"name\":\"Sweat \u00e0 capuche \u00e9cologique &#8211; Border collie\"}]},{\"@type\":\"WebSite\",\"@id\":\"https:\/\/mathildebecmann.fr\/boutique\/#website\",\"url\":\"https:\/\/mathildebecmann.fr\/boutique\/\",\"name\":\"Boutique MayaFox Studio\",\"description\":\"\",\"publisher\":{\"@id\":\"https:\/\/mathildebecmann.fr\/boutique\/#organization\"},\"potentialAction\":[{\"@type\":\"SearchAction\",\"target\":{\"@type\":\"EntryPoint\",\"urlTemplate\":\"https:\/\/mathildebecmann.fr\/boutique\/?s={search_term_string}\"},\"query-input\":{\"@type\":\"PropertyValueSpecification\",\"valueRequired\":true,\"valueName\":\"search_term_string\"}}],\"inLanguage\":\"fr-FR\"},{\"@type\":\"Organization\",\"@id\":\"https:\/\/mathildebecmann.fr\/boutique\/#organization\",\"name\":\"Boutique MayaFox Studio\",\"url\":\"https:\/\/mathildebecmann.fr\/boutique\/\",\"logo\":{\"@type\":\"ImageObject\",\"inLanguage\":\"fr-FR\",\"@id\":\"https:\/\/mathildebecmann.fr\/boutique\/#\/schema\/logo\/image\/\",\"url\":\"https:\/\/mathildebecmann.fr\/boutique\/wp-content\/uploads\/2026\/03\/cropped-FoxHead.webp\",\"contentUrl\":\"https:\/\/mathildebecmann.fr\/boutique\/wp-content\/uploads\/2026\/03\/cropped-FoxHead.webp\",\"width\":512,\"height\":512,\"caption\":\"Boutique MayaFox Studio\"},\"image\":{\"@id\":\"https:\/\/mathildebecmann.fr\/boutique\/#\/schema\/logo\/image\/\"},\"sameAs\":[\"https:\/\/www.instagram.com\/mathilde.becmann.graphisme\/\"]}]}<\/script>\n<!-- \/ Yoast SEO plugin. -->","yoast_head_json":{"title":"Sweat Border Collie \u2013 design chien minimaliste","description":"Sweat border collie avec design minimaliste en traits fins. Confort et style pour les amoureux des chiens.","robots":{"index":"index","follow":"follow","max-snippet":"max-snippet:-1","max-image-preview":"max-image-preview:large","max-video-preview":"max-video-preview:-1"},"canonical":"https:\/\/mathildebecmann.fr\/boutique\/produit\/sweat-border-collie\/","og_locale":"fr_FR","og_type":"article","og_title":"Sweat Border Collie \u2013 design chien minimaliste","og_description":"Sweat border collie avec design minimaliste en traits fins. Confort et style pour les amoureux des chiens.","og_url":"https:\/\/mathildebecmann.fr\/boutique\/produit\/sweat-border-collie\/","og_site_name":"Boutique MayaFox Studio","article_modified_time":"2026-03-26T15:08:52+00:00","og_image":[{"width":1024,"height":1024,"url":"https:\/\/mathildebecmann.fr\/boutique\/wp-content\/uploads\/2026\/03\/unisex-eco-raglan-hoodie-burgundy-front-69c5025600db9-1024x1024.png","type":"image\/png"}],"twitter_card":"summary_large_image","twitter_misc":{"Dur\u00e9e de lecture estim\u00e9e":"2 minutes"},"schema":{"@context":"https:\/\/schema.org","@graph":[{"@type":"WebPage","@id":"https:\/\/mathildebecmann.fr\/boutique\/produit\/sweat-border-collie\/","url":"https:\/\/mathildebecmann.fr\/boutique\/produit\/sweat-border-collie\/","name":"Sweat Border Collie \u2013 design chien minimaliste","isPartOf":{"@id":"https:\/\/mathildebecmann.fr\/boutique\/#website"},"primaryImageOfPage":{"@id":"https:\/\/mathildebecmann.fr\/boutique\/produit\/sweat-border-collie\/#primaryimage"},"image":{"@id":"https:\/\/mathildebecmann.fr\/boutique\/produit\/sweat-border-collie\/#primaryimage"},"thumbnailUrl":"https:\/\/mathildebecmann.fr\/boutique\/wp-content\/uploads\/2026\/03\/unisex-eco-raglan-hoodie-burgundy-front-69c5025600db9.png","datePublished":"2026-03-26T09:54:48+00:00","dateModified":"2026-03-26T15:08:52+00:00","description":"Sweat border collie avec design minimaliste en traits fins. Confort et style pour les amoureux des chiens.","breadcrumb":{"@id":"https:\/\/mathildebecmann.fr\/boutique\/produit\/sweat-border-collie\/#breadcrumb"},"inLanguage":"fr-FR","potentialAction":[{"@type":"ReadAction","target":["https:\/\/mathildebecmann.fr\/boutique\/produit\/sweat-border-collie\/"]}]},{"@type":"ImageObject","inLanguage":"fr-FR","@id":"https:\/\/mathildebecmann.fr\/boutique\/produit\/sweat-border-collie\/#primaryimage","url":"https:\/\/mathildebecmann.fr\/boutique\/wp-content\/uploads\/2026\/03\/unisex-eco-raglan-hoodie-burgundy-front-69c5025600db9.png","contentUrl":"https:\/\/mathildebecmann.fr\/boutique\/wp-content\/uploads\/2026\/03\/unisex-eco-raglan-hoodie-burgundy-front-69c5025600db9.png","width":2000,"height":2000},{"@type":"BreadcrumbList","@id":"https:\/\/mathildebecmann.fr\/boutique\/produit\/sweat-border-collie\/#breadcrumb","itemListElement":[{"@type":"ListItem","position":1,"name":"Accueil","item":"https:\/\/mathildebecmann.fr\/boutique\/"},{"@type":"ListItem","position":2,"name":"Boutique","item":"https:\/\/mathildebecmann.fr\/boutique\/"},{"@type":"ListItem","position":3,"name":"Sweat \u00e0 capuche \u00e9cologique &#8211; Border collie"}]},{"@type":"WebSite","@id":"https:\/\/mathildebecmann.fr\/boutique\/#website","url":"https:\/\/mathildebecmann.fr\/boutique\/","name":"Boutique MayaFox Studio","description":"","publisher":{"@id":"https:\/\/mathildebecmann.fr\/boutique\/#organization"},"potentialAction":[{"@type":"SearchAction","target":{"@type":"EntryPoint","urlTemplate":"https:\/\/mathildebecmann.fr\/boutique\/?s={search_term_string}"},"query-input":{"@type":"PropertyValueSpecification","valueRequired":true,"valueName":"search_term_string"}}],"inLanguage":"fr-FR"},{"@type":"Organization","@id":"https:\/\/mathildebecmann.fr\/boutique\/#organization","name":"Boutique MayaFox Studio","url":"https:\/\/mathildebecmann.fr\/boutique\/","logo":{"@type":"ImageObject","inLanguage":"fr-FR","@id":"https:\/\/mathildebecmann.fr\/boutique\/#\/schema\/logo\/image\/","url":"https:\/\/mathildebecmann.fr\/boutique\/wp-content\/uploads\/2026\/03\/cropped-FoxHead.webp","contentUrl":"https:\/\/mathildebecmann.fr\/boutique\/wp-content\/uploads\/2026\/03\/cropped-FoxHead.webp","width":512,"height":512,"caption":"Boutique MayaFox Studio"},"image":{"@id":"https:\/\/mathildebecmann.fr\/boutique\/#\/schema\/logo\/image\/"},"sameAs":["https:\/\/www.instagram.com\/mathilde.becmann.graphisme\/"]}]}},"_links":{"self":[{"href":"https:\/\/mathildebecmann.fr\/boutique\/wp-json\/wp\/v2\/product\/680","targetHints":{"allow":["GET"]}}],"collection":[{"href":"https:\/\/mathildebecmann.fr\/boutique\/wp-json\/wp\/v2\/product"}],"about":[{"href":"https:\/\/mathildebecmann.fr\/boutique\/wp-json\/wp\/v2\/types\/product"}],"replies":[{"embeddable":true,"href":"https:\/\/mathildebecmann.fr\/boutique\/wp-json\/wp\/v2\/comments?post=680"}],"wp:featuredmedia":[{"embeddable":true,"href":"https:\/\/mathildebecmann.fr\/boutique\/wp-json\/wp\/v2\/media\/701"}],"wp:attachment":[{"href":"https:\/\/mathildebecmann.fr\/boutique\/wp-json\/wp\/v2\/media?parent=680"}],"wp:term":[{"taxonomy":"product_brand","embeddable":true,"href":"https:\/\/mathildebecmann.fr\/boutique\/wp-json\/wp\/v2\/product_brand?post=680"},{"taxonomy":"product_cat","embeddable":true,"href":"https:\/\/mathildebecmann.fr\/boutique\/wp-json\/wp\/v2\/product_cat?post=680"},{"taxonomy":"product_tag","embeddable":true,"href":"https:\/\/mathildebecmann.fr\/boutique\/wp-json\/wp\/v2\/product_tag?post=680"}],"curies":[{"name":"wp","href":"https:\/\/api.w.org\/{rel}","templated":true}]}}