{"id":2470,"date":"2024-03-19T15:11:48","date_gmt":"2024-03-19T14:11:48","guid":{"rendered":"https:\/\/mathildebecmann.fr\/?page_id=2470"},"modified":"2026-03-24T17:24:26","modified_gmt":"2026-03-24T16:24:26","slug":"conditions-generales","status":"publish","type":"page","link":"https:\/\/mathildebecmann.fr\/index.php\/conditions-generales\/","title":{"rendered":"Conditions g\u00e9n\u00e9rales de vente"},"content":{"rendered":"\t\t<div data-elementor-type=\"wp-page\" data-elementor-id=\"2470\" class=\"elementor elementor-2470\" data-elementor-post-type=\"page\">\n\t\t\t\t\t\t\t<div class=\"elementor-element elementor-element-63cee15a e-flex e-con-boxed e-con e-parent\" data-id=\"63cee15a\" data-element_type=\"container\" data-settings=\"{&quot;content_width&quot;:&quot;boxed&quot;}\" data-core-v316-plus=\"true\">\n\t\t\t\t\t<div class=\"e-con-inner\">\n\t\t\t\t<div class=\"elementor-element elementor-element-d7388b7 elementor-widget elementor-widget-heading\" data-id=\"d7388b7\" data-element_type=\"widget\" data-widget_type=\"heading.default\">\n\t\t\t\t<div class=\"elementor-widget-container\">\n\t\t\t<h1 class=\"elementor-heading-title elementor-size-default\">Conditions g\u00e9n\u00e9rales de vente et politique de confidentialit\u00e9 - Mathilde Becmann Graphisme \/ MayaFox Studio<\/h1>\t\t<\/div>\n\t\t\t\t<\/div>\n\t\t\t\t<div class=\"elementor-element elementor-element-3bf9f987 elementor-widget elementor-widget-text-editor\" data-id=\"3bf9f987\" data-element_type=\"widget\" data-widget_type=\"text-editor.default\">\n\t\t\t\t<div class=\"elementor-widget-container\">\n\t\t\t\t\t\t\t<!-- wp:paragraph -->\n<h2><strong>Livraison<\/strong><\/h2>\n<!-- \/wp:paragraph -->\n\n<!-- wp:paragraph -->\n<h3>Quand recevrai-je ma commande ?<\/h3>\n<p>Il faut g\u00e9n\u00e9ralement 3 \u00e0 7 jours pour traiter une commande, apr\u00e8s quoi elle est exp\u00e9di\u00e9e. Le d\u00e9lai d&rsquo;exp\u00e9dition d\u00e9pend de votre lieu de r\u00e9sidence, mais il peut \u00eatre estim\u00e9 de 6 \u00e0 8 jours ouvrables pour l&rsquo;Europe.<\/p>\n<!-- \/wp:paragraph -->\n\n<!-- wp:paragraph -->\n<h3>D&rsquo;o\u00f9 ma commande sera exp\u00e9di\u00e9e ?<\/h3>\n<!-- \/wp:paragraph -->\n\n<!-- wp:paragraph -->\n<p>Je travaille avec une soci\u00e9t\u00e9 de traitement des commandes \u00e0 la demande qui poss\u00e8de des installations dans le monde entier mais je privil\u00e9gie les produits d\u00e9j\u00e0 en Europe pour que la livraison soit la plus rapide possible.<\/p>\n<!-- \/wp:paragraph -->\n\n<!-- wp:paragraph -->\n<h3>Des frais de douane seront-ils ajout\u00e9s ? <br \/><\/h3>\n<p>Des frais de douane et de taxe suppl\u00e9mentaires peuvent \u00eatre factur\u00e9s pour les commandes internationales. Ces frais ne sont pas de notre ressort et sont factur\u00e9s par votre bureau de douane local. Les politiques douani\u00e8res varient consid\u00e9rablement d&rsquo;un pays \u00e0 l&rsquo;autre. Veuillez donc v\u00e9rifier directement aupr\u00e8s de votre bureau de douane local s&rsquo;il applique des droits et des taxes \u00e0 vos achats.<\/p>\n<!-- \/wp:paragraph -->\n\n<!-- wp:paragraph -->\n<h3>Ma commande devrait \u00eatre arriv\u00e9e, mais je ne l&rsquo;ai toujours pas re\u00e7ue. Que dois-je faire ?<\/h3>\n<!-- \/wp:paragraph -->\n\n<!-- wp:paragraph -->\n<p>Avant de prendre contact avec moi, veuillez proc\u00e9der comme suit :<\/p>\n<!-- \/wp:paragraph -->\n\n<!-- wp:paragraph -->\n<p>\u25cf V\u00e9rifiez votre e-mail de confirmation d&rsquo;exp\u00e9dition pour d\u00e9tecter toute erreur dans l&rsquo;adresse de livraison<\/p>\n<!-- \/wp:paragraph -->\n\n<!-- wp:paragraph -->\n<p>\u25cf Demandez \u00e0 votre bureau de poste local s&rsquo;il a votre colis<\/p>\n<!-- \/wp:paragraph -->\n\n<!-- wp:paragraph -->\n<p>\u25cf Passez chez vos voisins au cas o\u00f9 le coursier leur aurait laiss\u00e9 le paquet Si l&rsquo;adresse d&rsquo;exp\u00e9dition est correcte et que le colis n&rsquo;a pas \u00e9t\u00e9 d\u00e9pos\u00e9 au bureau de poste ou chez votre voisin, contactez-moi \u00e0 l&rsquo;adresse : mbecmann@gmail.com en indiquant votre num\u00e9ro de commande. Si vous avez trouv\u00e9 une erreur dans votre adresse de livraison, je peux vous envoyer une commande de remplacement, mais l&rsquo;exp\u00e9dition sera \u00e0 vos frais.<\/p>\n<!-- \/wp:paragraph -->\n\n<!-- wp:paragraph -->\n<h2><strong>Commandes<\/strong><\/h2>\n<!-- \/wp:paragraph -->\n\n<!-- wp:paragraph -->\n<h3>Comment vos produits sont-ils fabriqu\u00e9s ?<\/h3>\n<!-- \/wp:paragraph -->\n\n<!-- wp:paragraph -->\n<p>Je travaille avec un distributeur de produits imprim\u00e9s \u00e0 la demande. Ils sont pr\u00e9sents dans le monde entier, donc selon l&rsquo;endroit o\u00f9 vous vous trouvez, vos commandes sont imprim\u00e9es et exp\u00e9di\u00e9es depuis le site qui peut le faire le plus efficacement ! Conseil : Consultez les images de production de Printful pour voir comment ils traitent certains produits.<\/p>\n<!-- \/wp:paragraph -->\n\n<!-- wp:paragraph -->\n<h3>Comment puis-je suivre ma commande ?<\/h3>\n<!-- \/wp:paragraph -->\n\n<!-- wp:paragraph -->\n<p>Vous recevrez un lien de suivi par e-mail lorsque votre commande sera exp\u00e9di\u00e9e. Si vous avez des questions concernant le suivi ou l&rsquo;exp\u00e9dition de votre commande, \u00e9crivez-nous \u00e0 mbecmann@gmail.com.<\/p>\n<!-- \/wp:paragraph -->\n\n<!-- wp:paragraph -->\n<h3>J&rsquo;ai re\u00e7u un produit erron\u00e9\/endommag\u00e9, que dois-je faire ?<\/h3>\n<!-- \/wp:paragraph -->\n\n<!-- wp:paragraph -->\n<p>Je suis vraiment d\u00e9sol\u00e9s si le produit que vous avez command\u00e9 est arriv\u00e9 endommag\u00e9. Pour nous aider \u00e0 r\u00e9soudre ce probl\u00e8me rapidement, veuillez m&rsquo;envoyer un courriel \u00e0 mbecmann@gmail.com dans les semaines qui suivent avec des photos du produit endommag\u00e9, votre num\u00e9ro de commande et tout autre d\u00e9tail que vous pourriez avoir concernant votre commande.<\/p>\n<!-- \/wp:paragraph -->\n\n<!-- wp:paragraph -->\n<h2><strong>Retours<\/strong><\/h2>\n<!-- \/wp:paragraph -->\n\n<!-- wp:paragraph -->\n<h3>Quelle est votre politique de retour ?<\/h3>\n<!-- \/wp:paragraph -->\n\n<!-- wp:paragraph -->\n<p>Je n&rsquo;offre pas de retours ni d&rsquo;\u00e9changes, mais si votre commande pr\u00e9sente un probl\u00e8me, veuillez me le faire savoir en me contactant \u00e0 mbecmann@gmail.com !<\/p>\n<!-- \/wp:paragraph -->\n\n<!-- wp:paragraph -->\n<h3>Offrez-vous des remboursements ?<\/h3>\n<!-- \/wp:paragraph -->\n\n<!-- wp:paragraph -->\n<p>Les remboursements ne sont offerts qu&rsquo;aux clients qui re\u00e7oivent des articles erron\u00e9s ou endommag\u00e9s. Si vous \u00eates concern\u00e9, veuillez me contacter \u00e0 mbecmann@gmail.com en m&rsquo;envoyant des photos des articles endommag\u00e9s et je ferai le n\u00e9cessaire pour vous rembourser.<\/p>\n<!-- \/wp:paragraph -->\n\n<!-- wp:paragraph -->\n<h3>Puis-je \u00e9changer un article contre une taille\/couleur diff\u00e9rente ?<\/h3>\n<!-- \/wp:paragraph -->\n\n<!-- wp:paragraph -->\n<p>Pour l&rsquo;instant, je ne propose pas d&rsquo;\u00e9changes. Si vous n&rsquo;\u00eates pas s\u00fbr de la taille qui vous convient le mieux, consultez le guides de tailles : chaque article list\u00e9 sur la boutique en poss\u00e8de dans la section description du produit. Bien que cela soit rare, il est possible qu&rsquo;un article que vous avez command\u00e9 soit mal \u00e9tiquet\u00e9. Si c&rsquo;est le cas, veuillez me le faire savoir \u00e0 mbecmann@gmail.com dans la semaine suivant la r\u00e9ception de votre commande. Indiquez votre num\u00e9ro de commande et des photos de l&rsquo;article mal \u00e9tiquet\u00e9, et je vous en enverrai un nouveau, ou je vous rembourserai !<\/p>\n<!-- \/wp:paragraph -->\t\t\t\t\t\t<\/div>\n\t\t\t\t<\/div>\n\t\t\t\t\t<\/div>\n\t\t\t\t<\/div>\n\t\t<div class=\"elementor-element elementor-element-1c5676b e-flex e-con-boxed e-con e-parent\" data-id=\"1c5676b\" data-element_type=\"container\" data-settings=\"{&quot;content_width&quot;:&quot;boxed&quot;}\" data-core-v316-plus=\"true\">\n\t\t\t\t\t<div class=\"e-con-inner\">\n\t\t\t\t<div class=\"elementor-element elementor-element-c31570c elementor-widget elementor-widget-text-editor\" data-id=\"c31570c\" data-element_type=\"widget\" data-widget_type=\"text-editor.default\">\n\t\t\t\t<div class=\"elementor-widget-container\">\n\t\t\t\t\t\t\t<h2>Politique de confidentialit\u00e9<\/h2>\n<h3>1. Introduction <\/h3>\n<p>La pr\u00e9sente politique de confidentialit\u00e9 a pour objectif d\u2019informer les utilisateurs du site sur la mani\u00e8re dont leurs donn\u00e9es personnelles sont collect\u00e9es, utilis\u00e9es et prot\u00e9g\u00e9es. En utilisant ce site, vous acceptez les pratiques d\u00e9crites ci-dessous.<\/p>\n<h3>2. Responsable du traitement<\/h3>\n<p>Le responsable du traitement des donn\u00e9es est : **[Mathilde Becmann<br \/>Email : mbecmann@gmail.com <br \/>Site web : mathildebecmann.fr<\/p>\n<h3>3. Donn\u00e9es collect\u00e9es <\/h3>\n<p>Nous collectons diff\u00e9rentes cat\u00e9gories de donn\u00e9es personnelles, notamment : Donn\u00e9es fournies directement : Nom et pr\u00e9nom &#8211; Adresse de livraison et de facturation &#8211; Adresse email &#8211; Num\u00e9ro de t\u00e9l\u00e9phone &#8211; Informations de paiement (trait\u00e9es de mani\u00e8re s\u00e9curis\u00e9e par des prestataires tiers) Donn\u00e9es collect\u00e9es automatiquement :\u00a0 Cookies &#8211; Donn\u00e9es statistiques (via outils d\u2019analyse)<\/p>\n<h3>4. Finalit\u00e9 de la collecte<\/h3>\n<p>Les donn\u00e9es collect\u00e9es sont utilis\u00e9es pour :\u00a0<br \/>&#8211; Traiter et exp\u00e9dier les commandes\u00a0<br \/>&#8211; G\u00e9rer la relation client\u00a0<br \/>&#8211; R\u00e9pondre aux demandes via le formulaire de contact\u00a0 <br \/>&#8211; Am\u00e9liorer l\u2019exp\u00e9rience utilisateur\u00a0<br \/>&#8211; Respecter les obligations l\u00e9gales et fiscales<\/p>\n<h3>5. Partage des donn\u00e9es<\/h3>\n<p>Les donn\u00e9es peuvent \u00eatre transmises \u00e0 des prestataires tiers uniquement dans le cadre du fonctionnement du service : &#8211; Prestataires de paiement (Stripe, PayPal\u2026)<br \/>&#8211; Prestataires logistiques (ex : Printful pour la production et l\u2019exp\u00e9dition des commandes)\u00a0<br \/>&#8211; H\u00e9bergeur du site<br \/><br \/>Ces partenaires s\u2019engagent \u00e0 respecter la confidentialit\u00e9 des donn\u00e9es.<\/p>\n<h3>6. Dur\u00e9e de conservation<\/h3>\n<p>Les donn\u00e9es personnelles sont conserv\u00e9es :\u00a0<br \/>&#8211; Pendant la dur\u00e9e n\u00e9cessaire au traitement de la commande &#8211; Puis archiv\u00e9es conform\u00e9ment aux obligations l\u00e9gales (facturation, comptabilit\u00e9)\u00a0<br \/>&#8211; Ou jusqu\u2019\u00e0 demande de suppression de l\u2019utilisateur<\/p>\n<h3>7. Cookies<\/h3>\n<p>Le site utilise des cookies pour :\u00a0<br \/>&#8211; Assurer le bon fonctionnement du site\u00a0<br \/>&#8211; Mesurer l\u2019audience<br \/>&#8211; Am\u00e9liorer l\u2019exp\u00e9rience utilisateur <br \/>L\u2019utilisateur peut accepter ou refuser les cookies via le bandeau pr\u00e9vu \u00e0 cet effet.\u00a0<\/p>\n<h3>8. S\u00e9curit\u00e9<\/h3>\n<p>Nous mettons en \u0153uvre toutes les mesures techniques et organisationnelles n\u00e9cessaires pour prot\u00e9ger les donn\u00e9es personnelles contre :\u00a0<br \/>&#8211; l\u2019acc\u00e8s non autoris\u00e9\u00a0<br \/>&#8211; la perte\u00a0 <br \/>&#8211; la divulgation\u00a0<\/p>\n<h3>9. Droits de l\u2019utilisateur<\/h3>\n<p>Conform\u00e9ment au RGPD, vous disposez des droits suivants :\u00a0<br \/>&#8211; Droit d\u2019acc\u00e8s <br \/>&#8211; Droit de rectification\u00a0<br \/>&#8211; Droit \u00e0 l\u2019effacement\u00a0<br \/>&#8211; Droit \u00e0 la limitation du traitement\u00a0<br \/>&#8211; Droit d\u2019opposition\u00a0<br \/>Droit \u00e0 la portabilit\u00e9 des donn\u00e9es <br \/>Pour exercer ces droits, vous pouvez nous contacter \u00e0 : \ud83d\udce7 [mbecmann@gmail.com]\u00a0<\/p>\n<h3>10. Modifications<\/h3>\n<p>Nous nous r\u00e9servons le droit de modifier la pr\u00e9sente politique de confidentialit\u00e9 \u00e0 tout moment. Les modifications seront publi\u00e9es sur cette page.\u00a0<\/p>\n<h3>11. Contact<\/h3>\n<p>Pour toute question concernant cette politique de confidentialit\u00e9 : \ud83d\udce7 [mbecmann@gmail.com]<\/p>\t\t\t\t\t\t<\/div>\n\t\t\t\t<\/div>\n\t\t\t\t\t<\/div>\n\t\t\t\t<\/div>\n\t\t\t\t\t\t\t<\/div>\n\t\t","protected":false},"excerpt":{"rendered":"<p>Conditions g\u00e9n\u00e9rales de vente et politique de confidentialit\u00e9 &#8211; Mathilde Becmann Graphisme \/ MayaFox Studio Livraison Quand recevrai-je ma commande ? Il faut g\u00e9n\u00e9ralement 3 \u00e0 7 jours pour traiter une commande, apr\u00e8s quoi elle est exp\u00e9di\u00e9e. Le d\u00e9lai d&rsquo;exp\u00e9dition d\u00e9pend de votre lieu de r\u00e9sidence, mais il peut \u00eatre estim\u00e9 de 6 \u00e0 8 jours ouvrables pour l&rsquo;Europe. D&rsquo;o\u00f9 ma commande sera exp\u00e9di\u00e9e ? Je travaille avec une soci\u00e9t\u00e9 de traitement des commandes \u00e0 la demande qui poss\u00e8de des installations dans le monde entier mais je privil\u00e9gie les produits d\u00e9j\u00e0 en Europe pour que la livraison soit la plus rapide possible. Des frais de douane seront-ils ajout\u00e9s ? Des frais de douane et de taxe suppl\u00e9mentaires peuvent \u00eatre factur\u00e9s pour les commandes internationales. Ces frais ne sont pas de notre ressort et sont factur\u00e9s par votre bureau de douane local. Les politiques douani\u00e8res varient consid\u00e9rablement d&rsquo;un pays \u00e0 l&rsquo;autre.&hellip;<\/p>\n<p> <a class=\"more-link\" href=\"https:\/\/mathildebecmann.fr\/index.php\/conditions-generales\/\">Lire la suite<\/a><\/p>\n","protected":false},"author":1,"featured_media":0,"parent":0,"menu_order":0,"comment_status":"closed","ping_status":"closed","template":"elementor_header_footer","meta":{"footnotes":""},"yoast_head":"<!-- This site is optimized with the Yoast SEO plugin v21.5 - https:\/\/yoast.com\/wordpress\/plugins\/seo\/ -->\n<title>Conditions g\u00e9n\u00e9rales de vente | Mathilde Becmann Graphiste<\/title>\n<meta name=\"description\" content=\"Livraisons, fabrications, politique de retour . Achetez en toute confiance et rapportez une partie de ma cr\u00e9ativit\u00e9 dans votre int\u00e9rieur.\" \/>\n<meta name=\"robots\" content=\"index, follow, max-snippet:-1, max-image-preview:large, max-video-preview:-1\" \/>\n<link rel=\"canonical\" href=\"https:\/\/mathildebecmann.fr\/index.php\/conditions-generales\/\" \/>\n<meta property=\"og:locale\" content=\"fr_FR\" \/>\n<meta property=\"og:type\" content=\"article\" \/>\n<meta property=\"og:title\" content=\"Conditions g\u00e9n\u00e9rales de vente | Mathilde Becmann Graphiste\" \/>\n<meta property=\"og:description\" content=\"Livraisons, fabrications, politique de retour . Achetez en toute confiance et rapportez une partie de ma cr\u00e9ativit\u00e9 dans votre int\u00e9rieur.\" \/>\n<meta property=\"og:url\" content=\"https:\/\/mathildebecmann.fr\/index.php\/conditions-generales\/\" \/>\n<meta property=\"og:site_name\" content=\"Mathilde Becmann Graphiste\" \/>\n<meta property=\"article:modified_time\" content=\"2026-03-24T16:24:26+00:00\" \/>\n<meta name=\"twitter:card\" content=\"summary_large_image\" \/>\n<meta name=\"twitter:label1\" content=\"Dur\u00e9e de lecture estim\u00e9e\" \/>\n\t<meta name=\"twitter:data1\" content=\"6 minutes\" \/>\n<script type=\"application\/ld+json\" class=\"yoast-schema-graph\">{\"@context\":\"https:\/\/schema.org\",\"@graph\":[{\"@type\":\"WebPage\",\"@id\":\"https:\/\/mathildebecmann.fr\/index.php\/conditions-generales\/\",\"url\":\"https:\/\/mathildebecmann.fr\/index.php\/conditions-generales\/\",\"name\":\"Conditions g\u00e9n\u00e9rales de vente | Mathilde Becmann Graphiste\",\"isPartOf\":{\"@id\":\"https:\/\/mathildebecmann.fr\/#website\"},\"datePublished\":\"2024-03-19T14:11:48+00:00\",\"dateModified\":\"2026-03-24T16:24:26+00:00\",\"description\":\"Livraisons, fabrications, politique de retour . Achetez en toute confiance et rapportez une partie de ma cr\u00e9ativit\u00e9 dans votre int\u00e9rieur.\",\"breadcrumb\":{\"@id\":\"https:\/\/mathildebecmann.fr\/index.php\/conditions-generales\/#breadcrumb\"},\"inLanguage\":\"fr-FR\",\"potentialAction\":[{\"@type\":\"ReadAction\",\"target\":[\"https:\/\/mathildebecmann.fr\/index.php\/conditions-generales\/\"]}]},{\"@type\":\"BreadcrumbList\",\"@id\":\"https:\/\/mathildebecmann.fr\/index.php\/conditions-generales\/#breadcrumb\",\"itemListElement\":[{\"@type\":\"ListItem\",\"position\":1,\"name\":\"Accueil\",\"item\":\"https:\/\/mathildebecmann.fr\/\"},{\"@type\":\"ListItem\",\"position\":2,\"name\":\"Conditions g\u00e9n\u00e9rales de vente\"}]},{\"@type\":\"WebSite\",\"@id\":\"https:\/\/mathildebecmann.fr\/#website\",\"url\":\"https:\/\/mathildebecmann.fr\/\",\"name\":\"Mathilde Becmann Graphiste\",\"description\":\"\",\"publisher\":{\"@id\":\"https:\/\/mathildebecmann.fr\/#organization\"},\"potentialAction\":[{\"@type\":\"SearchAction\",\"target\":{\"@type\":\"EntryPoint\",\"urlTemplate\":\"https:\/\/mathildebecmann.fr\/?s={search_term_string}\"},\"query-input\":\"required name=search_term_string\"}],\"inLanguage\":\"fr-FR\"},{\"@type\":\"Organization\",\"@id\":\"https:\/\/mathildebecmann.fr\/#organization\",\"name\":\"Mathilde Becmann Graphisme\",\"url\":\"https:\/\/mathildebecmann.fr\/\",\"logo\":{\"@type\":\"ImageObject\",\"inLanguage\":\"fr-FR\",\"@id\":\"https:\/\/mathildebecmann.fr\/#\/schema\/logo\/image\/\",\"url\":\"https:\/\/mathildebecmann.fr\/wp-content\/uploads\/2019\/03\/foxHead.png\",\"contentUrl\":\"https:\/\/mathildebecmann.fr\/wp-content\/uploads\/2019\/03\/foxHead.png\",\"width\":600,\"height\":600,\"caption\":\"Mathilde Becmann Graphisme\"},\"image\":{\"@id\":\"https:\/\/mathildebecmann.fr\/#\/schema\/logo\/image\/\"},\"sameAs\":[\"https:\/\/www.linkedin.com\/in\/mathilde-becmann-41341840\/\"]}]}<\/script>\n<!-- \/ Yoast SEO plugin. -->","yoast_head_json":{"title":"Conditions g\u00e9n\u00e9rales de vente | Mathilde Becmann Graphiste","description":"Livraisons, fabrications, politique de retour . Achetez en toute confiance et rapportez une partie de ma cr\u00e9ativit\u00e9 dans votre int\u00e9rieur.","robots":{"index":"index","follow":"follow","max-snippet":"max-snippet:-1","max-image-preview":"max-image-preview:large","max-video-preview":"max-video-preview:-1"},"canonical":"https:\/\/mathildebecmann.fr\/index.php\/conditions-generales\/","og_locale":"fr_FR","og_type":"article","og_title":"Conditions g\u00e9n\u00e9rales de vente | Mathilde Becmann Graphiste","og_description":"Livraisons, fabrications, politique de retour . Achetez en toute confiance et rapportez une partie de ma cr\u00e9ativit\u00e9 dans votre int\u00e9rieur.","og_url":"https:\/\/mathildebecmann.fr\/index.php\/conditions-generales\/","og_site_name":"Mathilde Becmann Graphiste","article_modified_time":"2026-03-24T16:24:26+00:00","twitter_card":"summary_large_image","twitter_misc":{"Dur\u00e9e de lecture estim\u00e9e":"6 minutes"},"schema":{"@context":"https:\/\/schema.org","@graph":[{"@type":"WebPage","@id":"https:\/\/mathildebecmann.fr\/index.php\/conditions-generales\/","url":"https:\/\/mathildebecmann.fr\/index.php\/conditions-generales\/","name":"Conditions g\u00e9n\u00e9rales de vente | Mathilde Becmann Graphiste","isPartOf":{"@id":"https:\/\/mathildebecmann.fr\/#website"},"datePublished":"2024-03-19T14:11:48+00:00","dateModified":"2026-03-24T16:24:26+00:00","description":"Livraisons, fabrications, politique de retour . Achetez en toute confiance et rapportez une partie de ma cr\u00e9ativit\u00e9 dans votre int\u00e9rieur.","breadcrumb":{"@id":"https:\/\/mathildebecmann.fr\/index.php\/conditions-generales\/#breadcrumb"},"inLanguage":"fr-FR","potentialAction":[{"@type":"ReadAction","target":["https:\/\/mathildebecmann.fr\/index.php\/conditions-generales\/"]}]},{"@type":"BreadcrumbList","@id":"https:\/\/mathildebecmann.fr\/index.php\/conditions-generales\/#breadcrumb","itemListElement":[{"@type":"ListItem","position":1,"name":"Accueil","item":"https:\/\/mathildebecmann.fr\/"},{"@type":"ListItem","position":2,"name":"Conditions g\u00e9n\u00e9rales de vente"}]},{"@type":"WebSite","@id":"https:\/\/mathildebecmann.fr\/#website","url":"https:\/\/mathildebecmann.fr\/","name":"Mathilde Becmann Graphiste","description":"","publisher":{"@id":"https:\/\/mathildebecmann.fr\/#organization"},"potentialAction":[{"@type":"SearchAction","target":{"@type":"EntryPoint","urlTemplate":"https:\/\/mathildebecmann.fr\/?s={search_term_string}"},"query-input":"required name=search_term_string"}],"inLanguage":"fr-FR"},{"@type":"Organization","@id":"https:\/\/mathildebecmann.fr\/#organization","name":"Mathilde Becmann Graphisme","url":"https:\/\/mathildebecmann.fr\/","logo":{"@type":"ImageObject","inLanguage":"fr-FR","@id":"https:\/\/mathildebecmann.fr\/#\/schema\/logo\/image\/","url":"https:\/\/mathildebecmann.fr\/wp-content\/uploads\/2019\/03\/foxHead.png","contentUrl":"https:\/\/mathildebecmann.fr\/wp-content\/uploads\/2019\/03\/foxHead.png","width":600,"height":600,"caption":"Mathilde Becmann Graphisme"},"image":{"@id":"https:\/\/mathildebecmann.fr\/#\/schema\/logo\/image\/"},"sameAs":["https:\/\/www.linkedin.com\/in\/mathilde-becmann-41341840\/"]}]}},"_links":{"self":[{"href":"https:\/\/mathildebecmann.fr\/index.php\/wp-json\/wp\/v2\/pages\/2470"}],"collection":[{"href":"https:\/\/mathildebecmann.fr\/index.php\/wp-json\/wp\/v2\/pages"}],"about":[{"href":"https:\/\/mathildebecmann.fr\/index.php\/wp-json\/wp\/v2\/types\/page"}],"author":[{"embeddable":true,"href":"https:\/\/mathildebecmann.fr\/index.php\/wp-json\/wp\/v2\/users\/1"}],"replies":[{"embeddable":true,"href":"https:\/\/mathildebecmann.fr\/index.php\/wp-json\/wp\/v2\/comments?post=2470"}],"version-history":[{"count":17,"href":"https:\/\/mathildebecmann.fr\/index.php\/wp-json\/wp\/v2\/pages\/2470\/revisions"}],"predecessor-version":[{"id":3537,"href":"https:\/\/mathildebecmann.fr\/index.php\/wp-json\/wp\/v2\/pages\/2470\/revisions\/3537"}],"wp:attachment":[{"href":"https:\/\/mathildebecmann.fr\/index.php\/wp-json\/wp\/v2\/media?parent=2470"}],"curies":[{"name":"wp","href":"https:\/\/api.w.org\/{rel}","templated":true}]}}